{"id":46,"date":"2023-07-21T07:41:58","date_gmt":"2023-07-21T07:41:58","guid":{"rendered":"https:\/\/processation.com\/?page_id=46"},"modified":"2023-10-12T08:46:04","modified_gmt":"2023-10-12T08:46:04","slug":"empresa","status":"publish","type":"page","link":"https:\/\/processation.com\/es\/empresa\/","title":{"rendered":"Empresa"},"content":{"rendered":"<p>[et_pb_section fb_built=\u00bb1&#8243; admin_label=\u00bbAbout\u00bb _builder_version=\u00bb4.21.0&#8243; _module_preset=\u00bbdefault\u00bb collapsed=\u00bbon\u00bb global_colors_info=\u00bb{}\u00bb][et_pb_row column_structure=\u00bb1_2,1_2&#8243; _builder_version=\u00bb4.21.0&#8243; _module_preset=\u00bbdefault\u00bb custom_margin=\u00bb-35px|auto||auto||\u00bb global_colors_info=\u00bb{}\u00bb][et_pb_column type=\u00bb1_2&#8243; _builder_version=\u00bb4.21.0&#8243; _module_preset=\u00bbdefault\u00bb global_colors_info=\u00bb{}\u00bb][et_pb_text _builder_version=\u00bb4.22.1&#8243; _module_preset=\u00bbcf06244b-15ef-4462-bec0-77231aebfa80&#8243; custom_margin=\u00bb||12px|||\u00bb global_colors_info=\u00bb{}\u00bb]<\/p>\n<h1>Sobre nosotros<\/h1>\n<p>[\/et_pb_text][et_pb_divider color=\u00bb#e07e27&#8243; divider_weight=\u00bb10px\u00bb _builder_version=\u00bb4.22.1&#8243; _module_preset=\u00bbdefault\u00bb width=\u00bb80%\u00bb min_height=\u00bb15.8px\u00bb custom_margin=\u00bb-50px|||||\u00bb custom_padding=\u00bb27px||0px|||\u00bb global_colors_info=\u00bb{}\u00bb][\/et_pb_divider][et_pb_text _builder_version=\u00bb4.21.0&#8243; _module_preset=\u00bbcc32b34b-3bb8-4dd0-9a19-9d72425cf1b5&#8243; global_colors_info=\u00bb{}\u00bb]<\/p>\n<p>Nuestra empresa est\u00e1 formada por personal altamente capacitado t\u00e9cnica y comercialmente. Nos dedicamos a la provisi\u00f3n de equipos y sistemas de medici\u00f3n y control para la industria.<\/p>\n<p>Proveemos servicios de consultor\u00eda, especificaci\u00f3n y selecci\u00f3n de tecnolog\u00edas seg\u00fan la calidad requerida por el cliente para cada aplicaci\u00f3n, as\u00ed como tambi\u00e9n los servicios posventa asociados como su puesta en marcha, calibraci\u00f3n, mantenimiento y servicio t\u00e9cnico, que los mismos requieren para su correcto funcionamiento en el largo plazo.<\/p>\n<p>&nbsp;<\/p>\n<p>[\/et_pb_text][\/et_pb_column][et_pb_column type=\u00bb1_2&#8243; _builder_version=\u00bb4.21.0&#8243; _module_preset=\u00bbdefault\u00bb global_colors_info=\u00bb{}\u00bb][et_pb_text _builder_version=\u00bb4.21.0&#8243; _module_preset=\u00bbcc32b34b-3bb8-4dd0-9a19-9d72425cf1b5&#8243; global_colors_info=\u00bb{}\u00bb]<\/p>\n<p>&nbsp;<\/p>\n<p>Sabemos que la capacitaci\u00f3n de las personas es uno de los puntos clave en el buen funcionamiento de los instrumentos de medici\u00f3n, es por eso que tambi\u00e9n proveemos entrenamiento t\u00e9cnico a los usuarios y personal de mantenimiento de todos los equipos provistos.<\/p>\n<p>Tambi\u00e9n proveemos asesoramiento t\u00e9cnico y servicio de consultor\u00eda de otras l\u00edneas de equipos asociados a nuestras l\u00edneas de productos como, Caudal\u00edmetros, Transmisores de Nivel, Temperatura, Presi\u00f3n, Sistemas de Pesaje Din\u00e1micos y Est\u00e1ticos, y Analizadores de procesos con sus sistemas de acondicionamiento de muestra asociados.<\/p>\n<p>Deseamos lograr la m\u00e1xima satisfacci\u00f3n de nuestros clientes, ofreci\u00e9ndole no solo un producto, sino una soluci\u00f3n acorde a las necesidades que requieren.<\/p>\n<p>[\/et_pb_text][\/et_pb_column][\/et_pb_row][et_pb_row _builder_version=\u00bb4.21.0&#8243; _module_preset=\u00bbdefault\u00bb global_colors_info=\u00bb{}\u00bb][et_pb_column type=\u00bb4_4&#8243; _builder_version=\u00bb4.21.0&#8243; _module_preset=\u00bbdefault\u00bb global_colors_info=\u00bb{}\u00bb][et_pb_image src=\u00bbhttps:\/\/processation.com\/wp-content\/uploads\/2023\/08\/home-decor-23.png\u00bb title_text=\u00bbfabrica-1&#8243; _builder_version=\u00bb4.21.0&#8243; _module_preset=\u00bbdefault\u00bb background_image=\u00bbhttps:\/\/processation.com\/wp-content\/uploads\/2023\/08\/fabrica-1.png\u00bb global_colors_info=\u00bb{}\u00bb][\/et_pb_image][\/et_pb_column][\/et_pb_row][\/et_pb_section][et_pb_section fb_built=\u00bb1&#8243; admin_label=\u00bbServices\u00bb _builder_version=\u00bb4.21.0&#8243; _module_preset=\u00bbdefault\u00bb custom_margin=\u00bb-39px|||||\u00bb custom_padding=\u00bb7px|||||\u00bb locked=\u00bboff\u00bb collapsed=\u00bbon\u00bb global_colors_info=\u00bb{}\u00bb][et_pb_row column_structure=\u00bb1_3,1_3,1_3&#8243; _builder_version=\u00bb4.21.0&#8243; _module_preset=\u00bbdefault\u00bb width=\u00bb100%\u00bb max_width=\u00bb1280px\u00bb global_colors_info=\u00bb{}\u00bb][et_pb_column type=\u00bb1_3&#8243; _builder_version=\u00bb4.21.0&#8243; _module_preset=\u00bbdefault\u00bb global_colors_info=\u00bb{}\u00bb][et_pb_image src=\u00bbhttps:\/\/processation.com\/wp-content\/uploads\/2023\/08\/ingenieria1.jpg\u00bb title_text=\u00bbingenieria1&#8243; _builder_version=\u00bb4.21.0&#8243; _module_preset=\u00bbdefault\u00bb border_radii=\u00bbon|50px|50px|50px|50px\u00bb locked=\u00bboff\u00bb global_colors_info=\u00bb{}\u00bb][\/et_pb_image][\/et_pb_column][et_pb_column type=\u00bb1_3&#8243; _builder_version=\u00bb4.21.0&#8243; _module_preset=\u00bbdefault\u00bb global_colors_info=\u00bb{}\u00bb][et_pb_text _builder_version=\u00bb4.21.0&#8243; _module_preset=\u00bb3b93c461-a258-421e-bf82-60b63f9a6fe5&#8243; custom_margin=\u00bb||16px|||\u00bb locked=\u00bboff\u00bb global_colors_info=\u00bb{}\u00bb]<\/p>\n<h2>Servicios<\/h2>\n<p>[\/et_pb_text][et_pb_divider color=\u00bb#e07e27&#8243; divider_weight=\u00bb10px\u00bb _builder_version=\u00bb4.22.1&#8243; _module_preset=\u00bbdefault\u00bb width=\u00bb80%\u00bb min_height=\u00bb15.8px\u00bb custom_margin=\u00bb-50px|||||\u00bb custom_padding=\u00bb27px||0px|||\u00bb global_colors_info=\u00bb{}\u00bb][\/et_pb_divider][et_pb_blurb title=\u00bbReparaci\u00f3n y Asistencia T\u00e9cnica,\u00bb use_icon=\u00bbon\u00bb font_icon=\u00bb&#xf7d9;||fa||900&#8243; _builder_version=\u00bb4.21.0&#8243; _module_preset=\u00bb88f97c2c-9d4a-434b-b821-fd316a65546d\u00bb global_colors_info=\u00bb{}\u00bb]<\/p>\n<p>con prioridad para los productos que comercializamos de nuestras representadas, pero tambi\u00e9n de otros fabricantes y proveedores. Nuestro servicio t\u00e9cnico se caracteriza por brindar un servicio postventa, profesional y confiable, enfoc\u00e1ndonos siempre en garantizar la satisfacci\u00f3n del cliente.<\/p>\n<p>[\/et_pb_blurb][et_pb_blurb title=\u00bbConsultor\u00eda, especificaci\u00f3n y selecci\u00f3n de tecnolog\u00edas,\u00bb use_icon=\u00bbon\u00bb font_icon=\u00bb&#xe101;||divi||400&#8243; _builder_version=\u00bb4.21.0&#8243; _module_preset=\u00bb88f97c2c-9d4a-434b-b821-fd316a65546d\u00bb global_colors_info=\u00bb{}\u00bb]<\/p>\n<p>seg\u00fan la calidad requerida por el cliente para cada aplicaci\u00f3n, as\u00ed como tambi\u00e9n los servicios posventa asociados como su puesta en marcha, calibraci\u00f3n, mantenimiento y servicio t\u00e9cnico, que los mismos requieren para su correcto funcionamiento en el largo plazo.<\/p>\n<p>[\/et_pb_blurb][\/et_pb_column][et_pb_column type=\u00bb1_3&#8243; _builder_version=\u00bb4.21.0&#8243; _module_preset=\u00bbdefault\u00bb global_colors_info=\u00bb{}\u00bb][et_pb_divider show_divider=\u00bboff\u00bb _builder_version=\u00bb4.21.0&#8243; _module_preset=\u00bbdefault\u00bb custom_margin=\u00bb65px||30px||false|false\u00bb global_colors_info=\u00bb{}\u00bb][\/et_pb_divider][et_pb_blurb title=\u00bbCursos de capacitaci\u00f3n,\u00bb use_icon=\u00bbon\u00bb font_icon=\u00bb&#xf501;||fa||900&#8243; _builder_version=\u00bb4.21.0&#8243; _module_preset=\u00bb88f97c2c-9d4a-434b-b821-fd316a65546d\u00bb global_colors_info=\u00bb{}\u00bb]<\/p>\n<h4 class=\"mb-0\"><\/h4>\n<p>de las diferentes tecnolog\u00edas de instrumentos y analizadores, orientado a ingenieros y t\u00e9cnicos para poder especificar las tecnolog\u00edas mas adecuadas para sus aplicaciones.<\/p>\n<p>[\/et_pb_blurb][et_pb_blurb title=\u00bbCalibraci\u00f3n, configuraci\u00f3n y reparaci\u00f3n,\u00bb use_icon=\u00bbon\u00bb font_icon=\u00bb&#xf0ad;||fa||900&#8243; _builder_version=\u00bb4.21.0&#8243; _module_preset=\u00bb88f97c2c-9d4a-434b-b821-fd316a65546d\u00bb global_colors_info=\u00bb{}\u00bb]<\/p>\n<h4 class=\"mb-0\"><\/h4>\n<h4 class=\"mb-0\"><\/h4>\n<p class=\"mb-0\">de instrumentos de medici\u00f3n y control, Analizadores de Gases de procesos y combusti\u00f3n, Sistemas de Pesaje Din\u00e1micos y Est\u00e1ticos, y de Detectores de gases fijos y port\u00e1tiles, as\u00ed como tambi\u00e9n su calibraci\u00f3n certificada trazable a patrones internacionales.<\/p>\n<p>[\/et_pb_blurb][et_pb_blurb title=\u00bbEntrenamiento t\u00e9cnico,\u00bb use_icon=\u00bbon\u00bb font_icon=\u00bb&#xf542;||fa||900&#8243; _builder_version=\u00bb4.21.0&#8243; _module_preset=\u00bb88f97c2c-9d4a-434b-b821-fd316a65546d\u00bb global_colors_info=\u00bb{}\u00bb]<\/p>\n<h4 class=\"mb-0\"><\/h4>\n<p>en campo a los usuarios y personal de mantenimiento de todos los equipos provistos.<\/p>\n<p>[\/et_pb_blurb][\/et_pb_column][\/et_pb_row][\/et_pb_section][et_pb_section fb_built=\u00bb1&#8243; admin_label=\u00bbFooter Links\u00bb _builder_version=\u00bb4.21.0&#8243; _module_preset=\u00bbdefault\u00bb min_height=\u00bb84.3px\u00bb custom_padding=\u00bb||25px|||\u00bb saved_tabs=\u00bball\u00bb locked=\u00bboff\u00bb collapsed=\u00bbon\u00bb global_colors_info=\u00bb{}\u00bb][et_pb_row column_structure=\u00bb3_5,2_5&#8243; _builder_version=\u00bb4.22.1&#8243; _module_preset=\u00bbdefault\u00bb background_color=\u00bb#e07e27&#8243; width=\u00bb100%\u00bb max_width=\u00bbnone\u00bb min_height=\u00bb1.3px\u00bb custom_margin=\u00bb-87px|auto|-28px|auto|false|false\u00bb custom_padding=\u00bb0px|10%|0px|10%|false|true\u00bb border_color_all=\u00bbrgba(0,0,0,0.12)\u00bb border_width_top=\u00bb1px\u00bb global_colors_info=\u00bb{}\u00bb][et_pb_column type=\u00bb3_5&#8243; _builder_version=\u00bb4.21.0&#8243; _module_preset=\u00bbdefault\u00bb global_colors_info=\u00bb{}\u00bb][et_pb_text _builder_version=\u00bb4.22.1&#8243; _module_preset=\u00bbcc32b34b-3bb8-4dd0-9a19-9d72425cf1b5&#8243; text_orientation=\u00bbcenter\u00bb custom_padding=\u00bb||5px|414px||\u00bb global_colors_info=\u00bb{}\u00bb]<\/p>\n<p>&nbsp;<\/p>\n<section class=\"container-fluid section__contact bg-primary\">\n<div class=\"row\">\n<div class=\"offset-1 col-10 d-flex justify-content-between align-items-center flex-column flex-md-row\">\n<h1 class=\"mb-5 mb-md-0 text-center text-md-left\"><span style=\"color: #ffffff;\"><strong>Le brindamos el asesoramiento adecuado<\/strong><\/span><\/h1>\n<\/div>\n<\/div>\n<\/section>\n<footer class=\"container-fluid\">\n<div class=\"row\"><\/div>\n<\/footer>\n<p>&nbsp;<\/p>\n<p>[\/et_pb_text][\/et_pb_column][et_pb_column type=\u00bb2_5&#8243; _builder_version=\u00bb4.21.0&#8243; _module_preset=\u00bbdefault\u00bb global_colors_info=\u00bb{}\u00bb][et_pb_button button_text=\u00bb Cont\u00e1ctenos\u00bb _builder_version=\u00bb4.22.2&#8243; _module_preset=\u00bbdefault\u00bb custom_button=\u00bbon\u00bb button_bg_color=\u00bb#00364c\u00bb button_border_color=\u00bbRGBA(255,255,255,0)\u00bb button_icon=\u00bb&#xe010;||divi||400&#8243; button_icon_placement=\u00bbleft\u00bb button_on_hover=\u00bboff\u00bb background_layout=\u00bbdark\u00bb custom_margin=\u00bb32px||-15px|-36px|false|false\u00bb hover_enabled=\u00bb0&#8243; global_colors_info=\u00bb{}\u00bb button_url=\u00bb\/contacto\/\u00bb sticky_enabled=\u00bb0&#8243;][\/et_pb_button][\/et_pb_column][\/et_pb_row][\/et_pb_section]<\/p>\n","protected":false},"excerpt":{"rendered":"<p>Sobre nosotrosNuestra empresa est\u00e1 formada por personal altamente capacitado t\u00e9cnica y comercialmente. Nos dedicamos a la provisi\u00f3n de equipos y sistemas de medici\u00f3n y control para la industria. Proveemos servicios de consultor\u00eda, especificaci\u00f3n y selecci\u00f3n de tecnolog\u00edas seg\u00fan la calidad requerida por el cliente para cada aplicaci\u00f3n, as\u00ed como tambi\u00e9n los servicios posventa asociados como [&hellip;]<\/p>\n","protected":false},"author":1,"featured_media":0,"parent":0,"menu_order":0,"comment_status":"closed","ping_status":"closed","template":"","meta":{"_et_pb_use_builder":"on","_et_pb_old_content":"","_et_gb_content_width":"","footnotes":""},"class_list":["post-46","page","type-page","status-publish","hentry"],"yoast_head":"<!-- This site is optimized with the Yoast SEO plugin v25.6 - https:\/\/yoast.com\/wordpress\/plugins\/seo\/ -->\n<title>Empresa - PROCESSATION.COM<\/title>\n<meta name=\"robots\" content=\"index, follow, max-snippet:-1, max-image-preview:large, max-video-preview:-1\" \/>\n<link rel=\"canonical\" href=\"https:\/\/processation.com\/es\/empresa\/\" \/>\n<meta property=\"og:locale\" content=\"es_ES\" \/>\n<meta property=\"og:type\" content=\"article\" \/>\n<meta property=\"og:title\" content=\"Empresa - PROCESSATION.COM\" \/>\n<meta property=\"og:description\" content=\"Sobre nosotrosNuestra empresa est\u00e1 formada por personal altamente capacitado t\u00e9cnica y comercialmente. Nos dedicamos a la provisi\u00f3n de equipos y sistemas de medici\u00f3n y control para la industria. Proveemos servicios de consultor\u00eda, especificaci\u00f3n y selecci\u00f3n de tecnolog\u00edas seg\u00fan la calidad requerida por el cliente para cada aplicaci\u00f3n, as\u00ed como tambi\u00e9n los servicios posventa asociados como [&hellip;]\" \/>\n<meta property=\"og:url\" content=\"https:\/\/processation.com\/es\/empresa\/\" \/>\n<meta property=\"og:site_name\" content=\"PROCESSATION.COM\" \/>\n<meta property=\"article:modified_time\" content=\"2023-10-12T08:46:04+00:00\" \/>\n<meta name=\"twitter:card\" content=\"summary_large_image\" \/>\n<meta name=\"twitter:label1\" content=\"Tiempo de lectura\" \/>\n\t<meta name=\"twitter:data1\" content=\"3 minutos\" \/>\n<script type=\"application\/ld+json\" class=\"yoast-schema-graph\">{\"@context\":\"https:\/\/schema.org\",\"@graph\":[{\"@type\":\"WebPage\",\"@id\":\"https:\/\/processation.com\/es\/empresa\/\",\"url\":\"https:\/\/processation.com\/es\/empresa\/\",\"name\":\"Empresa - PROCESSATION.COM\",\"isPartOf\":{\"@id\":\"https:\/\/processation.com\/es\/#website\"},\"datePublished\":\"2023-07-21T07:41:58+00:00\",\"dateModified\":\"2023-10-12T08:46:04+00:00\",\"breadcrumb\":{\"@id\":\"https:\/\/processation.com\/es\/empresa\/#breadcrumb\"},\"inLanguage\":\"es\",\"potentialAction\":[{\"@type\":\"ReadAction\",\"target\":[\"https:\/\/processation.com\/es\/empresa\/\"]}]},{\"@type\":\"BreadcrumbList\",\"@id\":\"https:\/\/processation.com\/es\/empresa\/#breadcrumb\",\"itemListElement\":[{\"@type\":\"ListItem\",\"position\":1,\"name\":\"Portada\",\"item\":\"https:\/\/processation.com\/es\/\"},{\"@type\":\"ListItem\",\"position\":2,\"name\":\"Empresa\"}]},{\"@type\":\"WebSite\",\"@id\":\"https:\/\/processation.com\/es\/#website\",\"url\":\"https:\/\/processation.com\/es\/\",\"name\":\"PROCESSATION.COM\",\"description\":\"Especialistas en Instrumentaci\u00f3n y Automatizaci\u00f3n Industrial.\",\"publisher\":{\"@id\":\"https:\/\/processation.com\/es\/#organization\"},\"potentialAction\":[{\"@type\":\"SearchAction\",\"target\":{\"@type\":\"EntryPoint\",\"urlTemplate\":\"https:\/\/processation.com\/es\/?s={search_term_string}\"},\"query-input\":{\"@type\":\"PropertyValueSpecification\",\"valueRequired\":true,\"valueName\":\"search_term_string\"}}],\"inLanguage\":\"es\"},{\"@type\":\"Organization\",\"@id\":\"https:\/\/processation.com\/es\/#organization\",\"name\":\"PROCESSATION.COM\",\"url\":\"https:\/\/processation.com\/es\/\",\"logo\":{\"@type\":\"ImageObject\",\"inLanguage\":\"es\",\"@id\":\"https:\/\/processation.com\/es\/#\/schema\/logo\/image\/\",\"url\":\"https:\/\/processation.com\/wp-content\/uploads\/2023\/07\/PROCESSATION_LOGO.png\",\"contentUrl\":\"https:\/\/processation.com\/wp-content\/uploads\/2023\/07\/PROCESSATION_LOGO.png\",\"width\":1513,\"height\":360,\"caption\":\"PROCESSATION.COM\"},\"image\":{\"@id\":\"https:\/\/processation.com\/es\/#\/schema\/logo\/image\/\"}}]}<\/script>\n<!-- \/ Yoast SEO plugin. -->","yoast_head_json":{"title":"Empresa - PROCESSATION.COM","robots":{"index":"index","follow":"follow","max-snippet":"max-snippet:-1","max-image-preview":"max-image-preview:large","max-video-preview":"max-video-preview:-1"},"canonical":"https:\/\/processation.com\/es\/empresa\/","og_locale":"es_ES","og_type":"article","og_title":"Empresa - PROCESSATION.COM","og_description":"Sobre nosotrosNuestra empresa est\u00e1 formada por personal altamente capacitado t\u00e9cnica y comercialmente. Nos dedicamos a la provisi\u00f3n de equipos y sistemas de medici\u00f3n y control para la industria. Proveemos servicios de consultor\u00eda, especificaci\u00f3n y selecci\u00f3n de tecnolog\u00edas seg\u00fan la calidad requerida por el cliente para cada aplicaci\u00f3n, as\u00ed como tambi\u00e9n los servicios posventa asociados como [&hellip;]","og_url":"https:\/\/processation.com\/es\/empresa\/","og_site_name":"PROCESSATION.COM","article_modified_time":"2023-10-12T08:46:04+00:00","twitter_card":"summary_large_image","twitter_misc":{"Tiempo de lectura":"3 minutos"},"schema":{"@context":"https:\/\/schema.org","@graph":[{"@type":"WebPage","@id":"https:\/\/processation.com\/es\/empresa\/","url":"https:\/\/processation.com\/es\/empresa\/","name":"Empresa - PROCESSATION.COM","isPartOf":{"@id":"https:\/\/processation.com\/es\/#website"},"datePublished":"2023-07-21T07:41:58+00:00","dateModified":"2023-10-12T08:46:04+00:00","breadcrumb":{"@id":"https:\/\/processation.com\/es\/empresa\/#breadcrumb"},"inLanguage":"es","potentialAction":[{"@type":"ReadAction","target":["https:\/\/processation.com\/es\/empresa\/"]}]},{"@type":"BreadcrumbList","@id":"https:\/\/processation.com\/es\/empresa\/#breadcrumb","itemListElement":[{"@type":"ListItem","position":1,"name":"Portada","item":"https:\/\/processation.com\/es\/"},{"@type":"ListItem","position":2,"name":"Empresa"}]},{"@type":"WebSite","@id":"https:\/\/processation.com\/es\/#website","url":"https:\/\/processation.com\/es\/","name":"PROCESSATION.COM","description":"Especialistas en Instrumentaci\u00f3n y Automatizaci\u00f3n Industrial.","publisher":{"@id":"https:\/\/processation.com\/es\/#organization"},"potentialAction":[{"@type":"SearchAction","target":{"@type":"EntryPoint","urlTemplate":"https:\/\/processation.com\/es\/?s={search_term_string}"},"query-input":{"@type":"PropertyValueSpecification","valueRequired":true,"valueName":"search_term_string"}}],"inLanguage":"es"},{"@type":"Organization","@id":"https:\/\/processation.com\/es\/#organization","name":"PROCESSATION.COM","url":"https:\/\/processation.com\/es\/","logo":{"@type":"ImageObject","inLanguage":"es","@id":"https:\/\/processation.com\/es\/#\/schema\/logo\/image\/","url":"https:\/\/processation.com\/wp-content\/uploads\/2023\/07\/PROCESSATION_LOGO.png","contentUrl":"https:\/\/processation.com\/wp-content\/uploads\/2023\/07\/PROCESSATION_LOGO.png","width":1513,"height":360,"caption":"PROCESSATION.COM"},"image":{"@id":"https:\/\/processation.com\/es\/#\/schema\/logo\/image\/"}}]}},"_links":{"self":[{"href":"https:\/\/processation.com\/es\/wp-json\/wp\/v2\/pages\/46","targetHints":{"allow":["GET"]}}],"collection":[{"href":"https:\/\/processation.com\/es\/wp-json\/wp\/v2\/pages"}],"about":[{"href":"https:\/\/processation.com\/es\/wp-json\/wp\/v2\/types\/page"}],"author":[{"embeddable":true,"href":"https:\/\/processation.com\/es\/wp-json\/wp\/v2\/users\/1"}],"replies":[{"embeddable":true,"href":"https:\/\/processation.com\/es\/wp-json\/wp\/v2\/comments?post=46"}],"version-history":[{"count":19,"href":"https:\/\/processation.com\/es\/wp-json\/wp\/v2\/pages\/46\/revisions"}],"predecessor-version":[{"id":987,"href":"https:\/\/processation.com\/es\/wp-json\/wp\/v2\/pages\/46\/revisions\/987"}],"wp:attachment":[{"href":"https:\/\/processation.com\/es\/wp-json\/wp\/v2\/media?parent=46"}],"curies":[{"name":"wp","href":"https:\/\/api.w.org\/{rel}","templated":true}]}}