{"id":50,"date":"2023-07-21T07:43:04","date_gmt":"2023-07-21T07:43:04","guid":{"rendered":"https:\/\/processation.com\/?page_id=50"},"modified":"2023-09-13T20:46:03","modified_gmt":"2023-09-13T20:46:03","slug":"servicios","status":"publish","type":"page","link":"https:\/\/processation.com\/es\/servicios\/","title":{"rendered":"Servicios"},"content":{"rendered":"<p>[et_pb_section fb_built=\u00bb1&#8243; admin_label=\u00bbHeader\u00bb _builder_version=\u00bb4.21.0&#8243; _module_preset=\u00bbdefault\u00bb custom_padding=\u00bb29px||0px||false|false\u00bb collapsed=\u00bbon\u00bb global_colors_info=\u00bb{}\u00bb][et_pb_row _builder_version=\u00bb4.21.0&#8243; _module_preset=\u00bbdefault\u00bb global_colors_info=\u00bb{}\u00bb][et_pb_column type=\u00bb4_4&#8243; _builder_version=\u00bb4.21.0&#8243; _module_preset=\u00bbdefault\u00bb global_colors_info=\u00bb{}\u00bb][et_pb_text _builder_version=\u00bb4.21.0&#8243; _module_preset=\u00bb79d9f4a8-7f08-4c01-b376-60ee309bbb1b\u00bb custom_margin=\u00bb||-19px|||\u00bb custom_padding=\u00bb0px|||||\u00bb global_colors_info=\u00bb{}\u00bb]<\/p>\n<h1>Servicios<\/h1>\n<p>[\/et_pb_text][\/et_pb_column][\/et_pb_row][et_pb_row _builder_version=\u00bb4.22.1&#8243; _module_preset=\u00bbdefault\u00bb global_colors_info=\u00bb{}\u00bb][et_pb_column type=\u00bb4_4&#8243; _builder_version=\u00bb4.22.1&#8243; _module_preset=\u00bbdefault\u00bb global_colors_info=\u00bb{}\u00bb][et_pb_divider color=\u00bb#e07e27&#8243; divider_weight=\u00bb10px\u00bb _builder_version=\u00bb4.22.1&#8243; _module_preset=\u00bbdefault\u00bb max_width=\u00bb25%\u00bb custom_margin=\u00bb-41px|||||\u00bb global_colors_info=\u00bb{}\u00bb][\/et_pb_divider][\/et_pb_column][\/et_pb_row][\/et_pb_section][et_pb_section fb_built=\u00bb1&#8243; admin_label=\u00bbServices\u00bb _builder_version=\u00bb4.21.0&#8243; _module_preset=\u00bbdefault\u00bb custom_padding=\u00bb23px||35px|||\u00bb locked=\u00bboff\u00bb collapsed=\u00bbon\u00bb global_colors_info=\u00bb{}\u00bb custom_margin=\u00bb-46px|||||\u00bb][et_pb_row _builder_version=\u00bb4.21.0&#8243; _module_preset=\u00bbdefault\u00bb global_colors_info=\u00bb{}\u00bb custom_margin=\u00bb-22px|auto||auto||\u00bb][et_pb_column type=\u00bb4_4&#8243; _builder_version=\u00bb4.21.0&#8243; _module_preset=\u00bbdefault\u00bb global_colors_info=\u00bb{}\u00bb][et_pb_blurb title=\u00bbReparaci\u00f3n y Asistencia T\u00e9cnica,\u00bb use_icon=\u00bbon\u00bb font_icon=\u00bb&#xf7d9;||fa||900&#8243; _builder_version=\u00bb4.22.1&#8243; _module_preset=\u00bb1b045f42-9c71-42c9-9878-376ee5854b32&#8243; custom_padding=\u00bb0px|||||\u00bb global_colors_info=\u00bb{}\u00bb]<\/p>\n<p><span>con prioridad para los productos que comercializamos de nuestras representadas, pero tambi\u00e9n de otros fabricantes y proveedores. Nuestro servicio t\u00e9cnico se caracteriza por brindar un servicio postventa, profesional y confiable, enfoc\u00e1ndonos siempre en garantizar la satisfacci\u00f3n del cliente.<\/span><\/p>\n<p>[\/et_pb_blurb][et_pb_blurb title=\u00bbConsultor\u00eda, especificaci\u00f3n y selecci\u00f3n de tecnolog\u00edas,\u00bb use_icon=\u00bbon\u00bb font_icon=\u00bb&#xe101;||divi||400&#8243; _builder_version=\u00bb4.22.1&#8243; _module_preset=\u00bb1b045f42-9c71-42c9-9878-376ee5854b32&#8243; global_colors_info=\u00bb{}\u00bb]<\/p>\n<p><span>seg\u00fan la calidad requerida por el cliente para cada aplicaci\u00f3n, as\u00ed como tambi\u00e9n los servicios posventa asociados como su puesta en marcha, calibraci\u00f3n, mantenimiento y servicio t\u00e9cnico, que los mismos requieren para su correcto funcionamiento en el largo plazo.<\/span><\/p>\n<p>[\/et_pb_blurb][et_pb_blurb title=\u00bb<br \/>\nCursos de capacitaci\u00f3n,\u00bb use_icon=\u00bbon\u00bb font_icon=\u00bb&#xf501;||fa||900&#8243; _builder_version=\u00bb4.22.1&#8243; _module_preset=\u00bb1b045f42-9c71-42c9-9878-376ee5854b32&#8243; global_colors_info=\u00bb{}\u00bb]<\/p>\n<p><span>de las diferentes tecnolog\u00edas de instrumentos y analizadores, orientado a ingenieros y t\u00e9cnicos para poder especificar las tecnolog\u00edas mas adecuadas para sus aplicaciones.<\/span><\/p>\n<p>[\/et_pb_blurb][et_pb_blurb title=\u00bb<br \/>\nCalibraci\u00f3n, configuraci\u00f3n y reparaci\u00f3n,\u00bb use_icon=\u00bbon\u00bb font_icon=\u00bb&#xe036;||divi||400&#8243; _builder_version=\u00bb4.22.1&#8243; _module_preset=\u00bb1b045f42-9c71-42c9-9878-376ee5854b32&#8243; locked=\u00bboff\u00bb global_colors_info=\u00bb{}\u00bb]<\/p>\n<p><span>de instrumentos de medici\u00f3n y control, Analizadores de Gases de procesos y combusti\u00f3n, Sistemas de Pesaje Din\u00e1micos y Est\u00e1ticos, y de Detectores de gases fijos y port\u00e1tiles, as\u00ed como tambi\u00e9n su calibraci\u00f3n certificada trazable a patrones internacionales.<\/span><\/p>\n<p>[\/et_pb_blurb][et_pb_blurb title=\u00bbEntrenamiento t\u00e9cnico,\u00bb use_icon=\u00bbon\u00bb font_icon=\u00bb&#xf542;||fa||900&#8243; _builder_version=\u00bb4.22.1&#8243; _module_preset=\u00bb1b045f42-9c71-42c9-9878-376ee5854b32&#8243; custom_padding=\u00bb||0px|||\u00bb global_colors_info=\u00bb{}\u00bb]<\/p>\n<p><span>en campo a los usuarios y personal de mantenimiento de todos los equipos provistos.<\/span><\/p>\n<p>[\/et_pb_blurb][\/et_pb_column][\/et_pb_row][\/et_pb_section]<\/p>\n","protected":false},"excerpt":{"rendered":"<p>Servicioscon prioridad para los productos que comercializamos de nuestras representadas, pero tambi\u00e9n de otros fabricantes y proveedores. Nuestro servicio t\u00e9cnico se caracteriza por brindar un servicio postventa, profesional y confiable, enfoc\u00e1ndonos siempre en garantizar la satisfacci\u00f3n del cliente.seg\u00fan la calidad requerida por el cliente para cada aplicaci\u00f3n, as\u00ed como tambi\u00e9n los servicios posventa asociados como [&hellip;]<\/p>\n","protected":false},"author":1,"featured_media":0,"parent":0,"menu_order":0,"comment_status":"closed","ping_status":"closed","template":"","meta":{"_et_pb_use_builder":"on","_et_pb_old_content":"","_et_gb_content_width":"","footnotes":""},"class_list":["post-50","page","type-page","status-publish","hentry"],"yoast_head":"<!-- This site is optimized with the Yoast SEO plugin v25.6 - https:\/\/yoast.com\/wordpress\/plugins\/seo\/ -->\n<title>Servicios - PROCESSATION.COM<\/title>\n<meta name=\"robots\" content=\"index, follow, max-snippet:-1, max-image-preview:large, max-video-preview:-1\" \/>\n<link rel=\"canonical\" href=\"https:\/\/processation.com\/es\/servicios\/\" \/>\n<meta property=\"og:locale\" content=\"es_ES\" \/>\n<meta property=\"og:type\" content=\"article\" \/>\n<meta property=\"og:title\" content=\"Servicios - PROCESSATION.COM\" \/>\n<meta property=\"og:description\" content=\"Servicioscon prioridad para los productos que comercializamos de nuestras representadas, pero tambi\u00e9n de otros fabricantes y proveedores. Nuestro servicio t\u00e9cnico se caracteriza por brindar un servicio postventa, profesional y confiable, enfoc\u00e1ndonos siempre en garantizar la satisfacci\u00f3n del cliente.seg\u00fan la calidad requerida por el cliente para cada aplicaci\u00f3n, as\u00ed como tambi\u00e9n los servicios posventa asociados como [&hellip;]\" \/>\n<meta property=\"og:url\" content=\"https:\/\/processation.com\/es\/servicios\/\" \/>\n<meta property=\"og:site_name\" content=\"PROCESSATION.COM\" \/>\n<meta property=\"article:modified_time\" content=\"2023-09-13T20:46:03+00:00\" \/>\n<meta name=\"twitter:card\" content=\"summary_large_image\" \/>\n<meta name=\"twitter:label1\" content=\"Tiempo de lectura\" \/>\n\t<meta name=\"twitter:data1\" content=\"3 minutos\" \/>\n<script type=\"application\/ld+json\" class=\"yoast-schema-graph\">{\"@context\":\"https:\/\/schema.org\",\"@graph\":[{\"@type\":\"WebPage\",\"@id\":\"https:\/\/processation.com\/es\/servicios\/\",\"url\":\"https:\/\/processation.com\/es\/servicios\/\",\"name\":\"Servicios - PROCESSATION.COM\",\"isPartOf\":{\"@id\":\"https:\/\/processation.com\/es\/#website\"},\"datePublished\":\"2023-07-21T07:43:04+00:00\",\"dateModified\":\"2023-09-13T20:46:03+00:00\",\"breadcrumb\":{\"@id\":\"https:\/\/processation.com\/es\/servicios\/#breadcrumb\"},\"inLanguage\":\"es\",\"potentialAction\":[{\"@type\":\"ReadAction\",\"target\":[\"https:\/\/processation.com\/es\/servicios\/\"]}]},{\"@type\":\"BreadcrumbList\",\"@id\":\"https:\/\/processation.com\/es\/servicios\/#breadcrumb\",\"itemListElement\":[{\"@type\":\"ListItem\",\"position\":1,\"name\":\"Portada\",\"item\":\"https:\/\/processation.com\/es\/\"},{\"@type\":\"ListItem\",\"position\":2,\"name\":\"Servicios\"}]},{\"@type\":\"WebSite\",\"@id\":\"https:\/\/processation.com\/es\/#website\",\"url\":\"https:\/\/processation.com\/es\/\",\"name\":\"PROCESSATION.COM\",\"description\":\"Especialistas en Instrumentaci\u00f3n y Automatizaci\u00f3n Industrial.\",\"publisher\":{\"@id\":\"https:\/\/processation.com\/es\/#organization\"},\"potentialAction\":[{\"@type\":\"SearchAction\",\"target\":{\"@type\":\"EntryPoint\",\"urlTemplate\":\"https:\/\/processation.com\/es\/?s={search_term_string}\"},\"query-input\":{\"@type\":\"PropertyValueSpecification\",\"valueRequired\":true,\"valueName\":\"search_term_string\"}}],\"inLanguage\":\"es\"},{\"@type\":\"Organization\",\"@id\":\"https:\/\/processation.com\/es\/#organization\",\"name\":\"PROCESSATION.COM\",\"url\":\"https:\/\/processation.com\/es\/\",\"logo\":{\"@type\":\"ImageObject\",\"inLanguage\":\"es\",\"@id\":\"https:\/\/processation.com\/es\/#\/schema\/logo\/image\/\",\"url\":\"https:\/\/processation.com\/wp-content\/uploads\/2023\/07\/PROCESSATION_LOGO.png\",\"contentUrl\":\"https:\/\/processation.com\/wp-content\/uploads\/2023\/07\/PROCESSATION_LOGO.png\",\"width\":1513,\"height\":360,\"caption\":\"PROCESSATION.COM\"},\"image\":{\"@id\":\"https:\/\/processation.com\/es\/#\/schema\/logo\/image\/\"}}]}<\/script>\n<!-- \/ Yoast SEO plugin. -->","yoast_head_json":{"title":"Servicios - PROCESSATION.COM","robots":{"index":"index","follow":"follow","max-snippet":"max-snippet:-1","max-image-preview":"max-image-preview:large","max-video-preview":"max-video-preview:-1"},"canonical":"https:\/\/processation.com\/es\/servicios\/","og_locale":"es_ES","og_type":"article","og_title":"Servicios - PROCESSATION.COM","og_description":"Servicioscon prioridad para los productos que comercializamos de nuestras representadas, pero tambi\u00e9n de otros fabricantes y proveedores. Nuestro servicio t\u00e9cnico se caracteriza por brindar un servicio postventa, profesional y confiable, enfoc\u00e1ndonos siempre en garantizar la satisfacci\u00f3n del cliente.seg\u00fan la calidad requerida por el cliente para cada aplicaci\u00f3n, as\u00ed como tambi\u00e9n los servicios posventa asociados como [&hellip;]","og_url":"https:\/\/processation.com\/es\/servicios\/","og_site_name":"PROCESSATION.COM","article_modified_time":"2023-09-13T20:46:03+00:00","twitter_card":"summary_large_image","twitter_misc":{"Tiempo de lectura":"3 minutos"},"schema":{"@context":"https:\/\/schema.org","@graph":[{"@type":"WebPage","@id":"https:\/\/processation.com\/es\/servicios\/","url":"https:\/\/processation.com\/es\/servicios\/","name":"Servicios - PROCESSATION.COM","isPartOf":{"@id":"https:\/\/processation.com\/es\/#website"},"datePublished":"2023-07-21T07:43:04+00:00","dateModified":"2023-09-13T20:46:03+00:00","breadcrumb":{"@id":"https:\/\/processation.com\/es\/servicios\/#breadcrumb"},"inLanguage":"es","potentialAction":[{"@type":"ReadAction","target":["https:\/\/processation.com\/es\/servicios\/"]}]},{"@type":"BreadcrumbList","@id":"https:\/\/processation.com\/es\/servicios\/#breadcrumb","itemListElement":[{"@type":"ListItem","position":1,"name":"Portada","item":"https:\/\/processation.com\/es\/"},{"@type":"ListItem","position":2,"name":"Servicios"}]},{"@type":"WebSite","@id":"https:\/\/processation.com\/es\/#website","url":"https:\/\/processation.com\/es\/","name":"PROCESSATION.COM","description":"Especialistas en Instrumentaci\u00f3n y Automatizaci\u00f3n Industrial.","publisher":{"@id":"https:\/\/processation.com\/es\/#organization"},"potentialAction":[{"@type":"SearchAction","target":{"@type":"EntryPoint","urlTemplate":"https:\/\/processation.com\/es\/?s={search_term_string}"},"query-input":{"@type":"PropertyValueSpecification","valueRequired":true,"valueName":"search_term_string"}}],"inLanguage":"es"},{"@type":"Organization","@id":"https:\/\/processation.com\/es\/#organization","name":"PROCESSATION.COM","url":"https:\/\/processation.com\/es\/","logo":{"@type":"ImageObject","inLanguage":"es","@id":"https:\/\/processation.com\/es\/#\/schema\/logo\/image\/","url":"https:\/\/processation.com\/wp-content\/uploads\/2023\/07\/PROCESSATION_LOGO.png","contentUrl":"https:\/\/processation.com\/wp-content\/uploads\/2023\/07\/PROCESSATION_LOGO.png","width":1513,"height":360,"caption":"PROCESSATION.COM"},"image":{"@id":"https:\/\/processation.com\/es\/#\/schema\/logo\/image\/"}}]}},"_links":{"self":[{"href":"https:\/\/processation.com\/es\/wp-json\/wp\/v2\/pages\/50","targetHints":{"allow":["GET"]}}],"collection":[{"href":"https:\/\/processation.com\/es\/wp-json\/wp\/v2\/pages"}],"about":[{"href":"https:\/\/processation.com\/es\/wp-json\/wp\/v2\/types\/page"}],"author":[{"embeddable":true,"href":"https:\/\/processation.com\/es\/wp-json\/wp\/v2\/users\/1"}],"replies":[{"embeddable":true,"href":"https:\/\/processation.com\/es\/wp-json\/wp\/v2\/comments?post=50"}],"version-history":[{"count":5,"href":"https:\/\/processation.com\/es\/wp-json\/wp\/v2\/pages\/50\/revisions"}],"predecessor-version":[{"id":547,"href":"https:\/\/processation.com\/es\/wp-json\/wp\/v2\/pages\/50\/revisions\/547"}],"wp:attachment":[{"href":"https:\/\/processation.com\/es\/wp-json\/wp\/v2\/media?parent=50"}],"curies":[{"name":"wp","href":"https:\/\/api.w.org\/{rel}","templated":true}]}}