{"id":100,"date":"2023-08-20T08:52:18","date_gmt":"2023-08-20T08:52:18","guid":{"rendered":"https:\/\/processation.com\/?post_type=product&#038;p=100"},"modified":"2024-07-10T18:38:44","modified_gmt":"2024-07-10T18:38:44","slug":"caudalimetros-magneticos-electronica-remota","status":"publish","type":"product","link":"https:\/\/processation.com\/es\/producto\/caudalimetros-magneticos-electronica-remota\/","title":{"rendered":"Caudal\u00edmetros Magn\u00e9ticos &#8211; Electr\u00f3nica Remota"},"content":{"rendered":"","protected":false},"excerpt":{"rendered":"<ul>\n<li>Aptos para l\u00edquidos conductivos limpios o sucios<\/li>\n<li>Bridados, Roscados, Wafer, Sanitarios<\/li>\n<li>Electronica Remota o Local<\/li>\n<li>Lining de Goma, PTFE. Neoprene o PFA<\/li>\n<li>Aptos para altas presiones (Bridado ANSI #600)<\/li>\n<li>Opci\u00f3n a prueba de Explosi\u00f3n<\/li>\n<\/ul>\n<p id=\"simple-download-counter-1073\" class=\"simple-download-counter\"><form method=\"get\" action=\"https:\/\/processation.com\/es\/sdc_download\/1073\/?key=5fq577qf98tlh0xxhg4g0huq2i8wk8\" class=\"simple-download-counter-button\" style=\"display:inline-block;\"><input type=\"hidden\" name=\"key\" value=\"5fq577qf98tlh0xxhg4g0huq2i8wk8\"><button type=\"submit\" title=\"45 downloads\">Caracter\u00edsticas del producto<\/button><\/form><\/p>\n","protected":false},"featured_media":101,"template":"","meta":{"_et_pb_use_builder":"","_et_pb_old_content":"","_et_gb_content_width":""},"product_brand":[],"product_cat":[24],"product_tag":[25,27,26],"class_list":{"0":"post-100","1":"product","2":"type-product","3":"status-publish","4":"has-post-thumbnail","6":"product_cat-medicion-de-caudal","7":"product_tag-caudalimetro","8":"product_tag-magnetico","9":"product_tag-remoto","11":"first","12":"instock","13":"taxable","14":"shipping-taxable","15":"product-type-simple"},"yoast_head":"<!-- This site is optimized with the Yoast SEO plugin v25.6 - https:\/\/yoast.com\/wordpress\/plugins\/seo\/ -->\n<title>Caudal\u00edmetros Magn\u00e9ticos - Electr\u00f3nica Remota - PROCESSATION.COM<\/title>\n<meta name=\"robots\" content=\"index, follow, max-snippet:-1, max-image-preview:large, max-video-preview:-1\" \/>\n<link rel=\"canonical\" href=\"https:\/\/processation.com\/es\/producto\/caudalimetros-magneticos-electronica-remota\/\" \/>\n<meta property=\"og:locale\" content=\"es_ES\" \/>\n<meta property=\"og:type\" content=\"article\" \/>\n<meta property=\"og:title\" content=\"Caudal\u00edmetros Magn\u00e9ticos - Electr\u00f3nica Remota - PROCESSATION.COM\" \/>\n<meta property=\"og:description\" content=\"Aptos para l\u00edquidos conductivos limpios o sucios  Bridados, Roscados, Wafer, Sanitarios  Electronica Remota o Local  Lining de Goma, PTFE. Neoprene o PFA  Aptos para altas presiones (Bridado ANSI #600)  Opci\u00f3n a prueba de Explosi\u00f3n\" \/>\n<meta property=\"og:url\" content=\"https:\/\/processation.com\/es\/producto\/caudalimetros-magneticos-electronica-remota\/\" \/>\n<meta property=\"og:site_name\" content=\"PROCESSATION.COM\" \/>\n<meta property=\"article:modified_time\" content=\"2024-07-10T18:38:44+00:00\" \/>\n<meta property=\"og:image\" content=\"https:\/\/processation.com\/wp-content\/uploads\/2023\/08\/caudalimetro-remoto-magnetico.png\" \/>\n\t<meta property=\"og:image:width\" content=\"350\" \/>\n\t<meta property=\"og:image:height\" content=\"350\" \/>\n\t<meta property=\"og:image:type\" content=\"image\/png\" \/>\n<meta name=\"twitter:card\" content=\"summary_large_image\" \/>\n<meta name=\"twitter:label1\" content=\"Tiempo de lectura\" \/>\n\t<meta name=\"twitter:data1\" content=\"1 minuto\" \/>\n<script type=\"application\/ld+json\" class=\"yoast-schema-graph\">{\"@context\":\"https:\/\/schema.org\",\"@graph\":[{\"@type\":\"WebPage\",\"@id\":\"https:\/\/processation.com\/es\/producto\/caudalimetros-magneticos-electronica-remota\/\",\"url\":\"https:\/\/processation.com\/es\/producto\/caudalimetros-magneticos-electronica-remota\/\",\"name\":\"Caudal\u00edmetros Magn\u00e9ticos - Electr\u00f3nica Remota - PROCESSATION.COM\",\"isPartOf\":{\"@id\":\"https:\/\/processation.com\/es\/#website\"},\"primaryImageOfPage\":{\"@id\":\"https:\/\/processation.com\/es\/producto\/caudalimetros-magneticos-electronica-remota\/#primaryimage\"},\"image\":{\"@id\":\"https:\/\/processation.com\/es\/producto\/caudalimetros-magneticos-electronica-remota\/#primaryimage\"},\"thumbnailUrl\":\"https:\/\/processation.com\/wp-content\/uploads\/2023\/08\/caudalimetro-remoto-magnetico.png\",\"datePublished\":\"2023-08-20T08:52:18+00:00\",\"dateModified\":\"2024-07-10T18:38:44+00:00\",\"breadcrumb\":{\"@id\":\"https:\/\/processation.com\/es\/producto\/caudalimetros-magneticos-electronica-remota\/#breadcrumb\"},\"inLanguage\":\"es\",\"potentialAction\":[{\"@type\":\"ReadAction\",\"target\":[\"https:\/\/processation.com\/es\/producto\/caudalimetros-magneticos-electronica-remota\/\"]}]},{\"@type\":\"ImageObject\",\"inLanguage\":\"es\",\"@id\":\"https:\/\/processation.com\/es\/producto\/caudalimetros-magneticos-electronica-remota\/#primaryimage\",\"url\":\"https:\/\/processation.com\/wp-content\/uploads\/2023\/08\/caudalimetro-remoto-magnetico.png\",\"contentUrl\":\"https:\/\/processation.com\/wp-content\/uploads\/2023\/08\/caudalimetro-remoto-magnetico.png\",\"width\":350,\"height\":350},{\"@type\":\"BreadcrumbList\",\"@id\":\"https:\/\/processation.com\/es\/producto\/caudalimetros-magneticos-electronica-remota\/#breadcrumb\",\"itemListElement\":[{\"@type\":\"ListItem\",\"position\":1,\"name\":\"Portada\",\"item\":\"https:\/\/processation.com\/es\/\"},{\"@type\":\"ListItem\",\"position\":2,\"name\":\"Productos\",\"item\":\"https:\/\/processation.com\/productos\/\"},{\"@type\":\"ListItem\",\"position\":3,\"name\":\"Caudal\u00edmetros Magn\u00e9ticos &#8211; Electr\u00f3nica Remota\"}]},{\"@type\":\"WebSite\",\"@id\":\"https:\/\/processation.com\/es\/#website\",\"url\":\"https:\/\/processation.com\/es\/\",\"name\":\"PROCESSATION.COM\",\"description\":\"Especialistas en Instrumentaci\u00f3n y Automatizaci\u00f3n Industrial.\",\"publisher\":{\"@id\":\"https:\/\/processation.com\/es\/#organization\"},\"potentialAction\":[{\"@type\":\"SearchAction\",\"target\":{\"@type\":\"EntryPoint\",\"urlTemplate\":\"https:\/\/processation.com\/es\/?s={search_term_string}\"},\"query-input\":{\"@type\":\"PropertyValueSpecification\",\"valueRequired\":true,\"valueName\":\"search_term_string\"}}],\"inLanguage\":\"es\"},{\"@type\":\"Organization\",\"@id\":\"https:\/\/processation.com\/es\/#organization\",\"name\":\"PROCESSATION.COM\",\"url\":\"https:\/\/processation.com\/es\/\",\"logo\":{\"@type\":\"ImageObject\",\"inLanguage\":\"es\",\"@id\":\"https:\/\/processation.com\/es\/#\/schema\/logo\/image\/\",\"url\":\"https:\/\/processation.com\/wp-content\/uploads\/2023\/07\/PROCESSATION_LOGO.png\",\"contentUrl\":\"https:\/\/processation.com\/wp-content\/uploads\/2023\/07\/PROCESSATION_LOGO.png\",\"width\":1513,\"height\":360,\"caption\":\"PROCESSATION.COM\"},\"image\":{\"@id\":\"https:\/\/processation.com\/es\/#\/schema\/logo\/image\/\"}}]}<\/script>\n<!-- \/ Yoast SEO plugin. -->","yoast_head_json":{"title":"Caudal\u00edmetros Magn\u00e9ticos - Electr\u00f3nica Remota - PROCESSATION.COM","robots":{"index":"index","follow":"follow","max-snippet":"max-snippet:-1","max-image-preview":"max-image-preview:large","max-video-preview":"max-video-preview:-1"},"canonical":"https:\/\/processation.com\/es\/producto\/caudalimetros-magneticos-electronica-remota\/","og_locale":"es_ES","og_type":"article","og_title":"Caudal\u00edmetros Magn\u00e9ticos - Electr\u00f3nica Remota - PROCESSATION.COM","og_description":"Aptos para l\u00edquidos conductivos limpios o sucios  Bridados, Roscados, Wafer, Sanitarios  Electronica Remota o Local  Lining de Goma, PTFE. Neoprene o PFA  Aptos para altas presiones (Bridado ANSI #600)  Opci\u00f3n a prueba de Explosi\u00f3n","og_url":"https:\/\/processation.com\/es\/producto\/caudalimetros-magneticos-electronica-remota\/","og_site_name":"PROCESSATION.COM","article_modified_time":"2024-07-10T18:38:44+00:00","og_image":[{"width":350,"height":350,"url":"https:\/\/processation.com\/wp-content\/uploads\/2023\/08\/caudalimetro-remoto-magnetico.png","type":"image\/png"}],"twitter_card":"summary_large_image","twitter_misc":{"Tiempo de lectura":"1 minuto"},"schema":{"@context":"https:\/\/schema.org","@graph":[{"@type":"WebPage","@id":"https:\/\/processation.com\/es\/producto\/caudalimetros-magneticos-electronica-remota\/","url":"https:\/\/processation.com\/es\/producto\/caudalimetros-magneticos-electronica-remota\/","name":"Caudal\u00edmetros Magn\u00e9ticos - Electr\u00f3nica Remota - PROCESSATION.COM","isPartOf":{"@id":"https:\/\/processation.com\/es\/#website"},"primaryImageOfPage":{"@id":"https:\/\/processation.com\/es\/producto\/caudalimetros-magneticos-electronica-remota\/#primaryimage"},"image":{"@id":"https:\/\/processation.com\/es\/producto\/caudalimetros-magneticos-electronica-remota\/#primaryimage"},"thumbnailUrl":"https:\/\/processation.com\/wp-content\/uploads\/2023\/08\/caudalimetro-remoto-magnetico.png","datePublished":"2023-08-20T08:52:18+00:00","dateModified":"2024-07-10T18:38:44+00:00","breadcrumb":{"@id":"https:\/\/processation.com\/es\/producto\/caudalimetros-magneticos-electronica-remota\/#breadcrumb"},"inLanguage":"es","potentialAction":[{"@type":"ReadAction","target":["https:\/\/processation.com\/es\/producto\/caudalimetros-magneticos-electronica-remota\/"]}]},{"@type":"ImageObject","inLanguage":"es","@id":"https:\/\/processation.com\/es\/producto\/caudalimetros-magneticos-electronica-remota\/#primaryimage","url":"https:\/\/processation.com\/wp-content\/uploads\/2023\/08\/caudalimetro-remoto-magnetico.png","contentUrl":"https:\/\/processation.com\/wp-content\/uploads\/2023\/08\/caudalimetro-remoto-magnetico.png","width":350,"height":350},{"@type":"BreadcrumbList","@id":"https:\/\/processation.com\/es\/producto\/caudalimetros-magneticos-electronica-remota\/#breadcrumb","itemListElement":[{"@type":"ListItem","position":1,"name":"Portada","item":"https:\/\/processation.com\/es\/"},{"@type":"ListItem","position":2,"name":"Productos","item":"https:\/\/processation.com\/productos\/"},{"@type":"ListItem","position":3,"name":"Caudal\u00edmetros Magn\u00e9ticos &#8211; Electr\u00f3nica Remota"}]},{"@type":"WebSite","@id":"https:\/\/processation.com\/es\/#website","url":"https:\/\/processation.com\/es\/","name":"PROCESSATION.COM","description":"Especialistas en Instrumentaci\u00f3n y Automatizaci\u00f3n Industrial.","publisher":{"@id":"https:\/\/processation.com\/es\/#organization"},"potentialAction":[{"@type":"SearchAction","target":{"@type":"EntryPoint","urlTemplate":"https:\/\/processation.com\/es\/?s={search_term_string}"},"query-input":{"@type":"PropertyValueSpecification","valueRequired":true,"valueName":"search_term_string"}}],"inLanguage":"es"},{"@type":"Organization","@id":"https:\/\/processation.com\/es\/#organization","name":"PROCESSATION.COM","url":"https:\/\/processation.com\/es\/","logo":{"@type":"ImageObject","inLanguage":"es","@id":"https:\/\/processation.com\/es\/#\/schema\/logo\/image\/","url":"https:\/\/processation.com\/wp-content\/uploads\/2023\/07\/PROCESSATION_LOGO.png","contentUrl":"https:\/\/processation.com\/wp-content\/uploads\/2023\/07\/PROCESSATION_LOGO.png","width":1513,"height":360,"caption":"PROCESSATION.COM"},"image":{"@id":"https:\/\/processation.com\/es\/#\/schema\/logo\/image\/"}}]}},"_links":{"self":[{"href":"https:\/\/processation.com\/es\/wp-json\/wp\/v2\/product\/100","targetHints":{"allow":["GET"]}}],"collection":[{"href":"https:\/\/processation.com\/es\/wp-json\/wp\/v2\/product"}],"about":[{"href":"https:\/\/processation.com\/es\/wp-json\/wp\/v2\/types\/product"}],"wp:featuredmedia":[{"embeddable":true,"href":"https:\/\/processation.com\/es\/wp-json\/wp\/v2\/media\/101"}],"wp:attachment":[{"href":"https:\/\/processation.com\/es\/wp-json\/wp\/v2\/media?parent=100"}],"wp:term":[{"taxonomy":"product_brand","embeddable":true,"href":"https:\/\/processation.com\/es\/wp-json\/wp\/v2\/product_brand?post=100"},{"taxonomy":"product_cat","embeddable":true,"href":"https:\/\/processation.com\/es\/wp-json\/wp\/v2\/product_cat?post=100"},{"taxonomy":"product_tag","embeddable":true,"href":"https:\/\/processation.com\/es\/wp-json\/wp\/v2\/product_tag?post=100"}],"curies":[{"name":"wp","href":"https:\/\/api.w.org\/{rel}","templated":true}]}}