{"id":1021,"date":"2024-02-29T14:00:05","date_gmt":"2024-02-29T14:00:05","guid":{"rendered":"https:\/\/processation.com\/producto\/detector-de-gas-fijo-gtq-wd6200\/"},"modified":"2024-07-10T19:05:18","modified_gmt":"2024-07-10T19:05:18","slug":"detector-de-gas-fijo-gtq-wd6200","status":"publish","type":"product","link":"https:\/\/processation.com\/es\/producto\/detector-de-gas-fijo-gtq-wd6200\/","title":{"rendered":"Detector de gas fijo GTQ-WD6200"},"content":{"rendered":"","protected":false},"excerpt":{"rendered":"<p>El detector de gas fijo GTQ-WD6200 est\u00e1 dise\u00f1ado para uso industrial. Mediante la adopci\u00f3n de un sensor de gas de alto rendimiento y la tecnolog\u00eda MCU, combinados con un sofisticado proceso de fabricaci\u00f3n SMT, este detector tiene una buena repetibilidad, alta precisi\u00f3n y una larga vida \u00fatil.<\/p>\n<p>CARACTER\u00cdSTICAS<br \/>\nAlta precisi\u00f3n de medici\u00f3n, rendimiento estable y larga vida \u00fatil<br \/>\n&#8211; Salida de se\u00f1al anal\u00f3gica de 4-20 mA, carga digital RS485-RTU<br \/>\n&#8211; Salida HART, compatible con el comunicador port\u00e1til Hart para ajustes<br \/>\n&#8211; 3 salidas de rel\u00e9 para 1\u00aa alarma, 2\u00aa alarma y aver\u00eda<br \/>\n&#8211; Pantalla LCD de alto rendimiento<br \/>\n&#8211; Funcionamiento sin contacto mediante barra magn\u00e9tica\/mando a distancia por infrarrojos<br \/>\n&#8211; M\u00f3dulo sensor inteligente, sin calibraci\u00f3n, f\u00e1cil de mantener<br \/>\n&#8211; Comunicaci\u00f3n Bluetooth<br \/>\n&#8211; Funci\u00f3n de actualizaci\u00f3n remota (opcional)<\/p>\n<p>SOLICITUD<br \/>\nEl detector se utiliza ampliamente en refiner\u00edas de petr\u00f3leo y plantas qu\u00edmicas del<br \/>\nindustrias petroleras y petroqu\u00edmicas, as\u00ed como industrias en las que<br \/>\ngases inflamables pueden causar explosiones, como la metalurgia, la electricidad<br \/>\nenerg\u00eda, gas, restauraci\u00f3n y acuicultura.<\/p>\n<p>&nbsp;<\/p>\n<p id=\"simple-download-counter-1012\" class=\"simple-download-counter\"><form method=\"get\" action=\"https:\/\/processation.com\/es\/sdc_download\/1012\/?key=4bbaudxwehs3yqjoyu9rggyink2lpi\" class=\"simple-download-counter-button\" style=\"display:inline-block;\"><input type=\"hidden\" name=\"key\" value=\"4bbaudxwehs3yqjoyu9rggyink2lpi\"><button type=\"submit\" title=\"215 downloads\">Caracter\u00edsticas del producto<\/button><\/form><\/p>\n","protected":false},"featured_media":1011,"template":"","meta":{"_et_pb_use_builder":"","_et_pb_old_content":"","_et_gb_content_width":""},"product_brand":[],"product_cat":[53,62],"product_tag":[],"class_list":{"0":"post-1021","1":"product","2":"type-product","3":"status-publish","4":"has-post-thumbnail","6":"product_cat-analisis-de-gases","7":"product_cat-oil-gas","9":"first","10":"instock","11":"taxable","12":"shipping-taxable","13":"product-type-simple"},"yoast_head":"<!-- This site is optimized with the Yoast SEO plugin v25.6 - https:\/\/yoast.com\/wordpress\/plugins\/seo\/ -->\n<title>Detector de gas fijo GTQ-WD6200 - PROCESSATION.COM<\/title>\n<meta name=\"robots\" content=\"index, follow, max-snippet:-1, max-image-preview:large, max-video-preview:-1\" \/>\n<link rel=\"canonical\" href=\"https:\/\/processation.com\/es\/producto\/detector-de-gas-fijo-gtq-wd6200\/\" \/>\n<meta property=\"og:locale\" content=\"es_ES\" \/>\n<meta property=\"og:type\" content=\"article\" \/>\n<meta property=\"og:title\" content=\"Detector de gas fijo GTQ-WD6200 - PROCESSATION.COM\" \/>\n<meta property=\"og:description\" content=\"El detector de gas fijo GTQ-WD6200 est\u00e1 dise\u00f1ado para uso industrial. Mediante la adopci\u00f3n de un sensor de gas de alto rendimiento y la tecnolog\u00eda MCU, combinados con un sofisticado proceso de fabricaci\u00f3n SMT, este detector tiene una buena repetibilidad, alta precisi\u00f3n y una larga vida \u00fatil. CARACTER\u00cdSTICAS Alta precisi\u00f3n de medici\u00f3n, rendimiento estable y larga vida \u00fatil - Salida de se\u00f1al anal\u00f3gica de 4-20 mA, carga digital RS485-RTU - Salida HART, compatible con el comunicador port\u00e1til Hart para ajustes - 3 salidas de rel\u00e9 para 1\u00aa alarma, 2\u00aa alarma y aver\u00eda - Pantalla LCD de alto rendimiento - Funcionamiento sin contacto mediante barra magn\u00e9tica\/mando a distancia por infrarrojos - M\u00f3dulo sensor inteligente, sin calibraci\u00f3n, f\u00e1cil de mantener - Comunicaci\u00f3n Bluetooth - Funci\u00f3n de actualizaci\u00f3n remota (opcional) SOLICITUD El detector se utiliza ampliamente en refiner\u00edas de petr\u00f3leo y plantas qu\u00edmicas del industrias petroleras y petroqu\u00edmicas, as\u00ed como industrias en las que gases inflamables pueden causar explosiones, como la metalurgia, la electricidad energ\u00eda, gas, restauraci\u00f3n y acuicultura. &nbsp;\" \/>\n<meta property=\"og:url\" content=\"https:\/\/processation.com\/es\/producto\/detector-de-gas-fijo-gtq-wd6200\/\" \/>\n<meta property=\"og:site_name\" content=\"PROCESSATION.COM\" \/>\n<meta property=\"article:modified_time\" content=\"2024-07-10T19:05:18+00:00\" \/>\n<meta property=\"og:image\" content=\"https:\/\/processation.com\/wp-content\/uploads\/2024\/02\/GTQ-WD6200.jpg\" \/>\n\t<meta property=\"og:image:width\" content=\"350\" \/>\n\t<meta property=\"og:image:height\" content=\"350\" \/>\n\t<meta property=\"og:image:type\" content=\"image\/jpeg\" \/>\n<meta name=\"twitter:card\" content=\"summary_large_image\" \/>\n<script type=\"application\/ld+json\" class=\"yoast-schema-graph\">{\"@context\":\"https:\/\/schema.org\",\"@graph\":[{\"@type\":\"WebPage\",\"@id\":\"https:\/\/processation.com\/es\/producto\/detector-de-gas-fijo-gtq-wd6200\/\",\"url\":\"https:\/\/processation.com\/es\/producto\/detector-de-gas-fijo-gtq-wd6200\/\",\"name\":\"Detector de gas fijo GTQ-WD6200 - PROCESSATION.COM\",\"isPartOf\":{\"@id\":\"https:\/\/processation.com\/es\/#website\"},\"primaryImageOfPage\":{\"@id\":\"https:\/\/processation.com\/es\/producto\/detector-de-gas-fijo-gtq-wd6200\/#primaryimage\"},\"image\":{\"@id\":\"https:\/\/processation.com\/es\/producto\/detector-de-gas-fijo-gtq-wd6200\/#primaryimage\"},\"thumbnailUrl\":\"https:\/\/processation.com\/wp-content\/uploads\/2024\/02\/GTQ-WD6200.jpg\",\"datePublished\":\"2024-02-29T14:00:05+00:00\",\"dateModified\":\"2024-07-10T19:05:18+00:00\",\"breadcrumb\":{\"@id\":\"https:\/\/processation.com\/es\/producto\/detector-de-gas-fijo-gtq-wd6200\/#breadcrumb\"},\"inLanguage\":\"es\",\"potentialAction\":[{\"@type\":\"ReadAction\",\"target\":[\"https:\/\/processation.com\/es\/producto\/detector-de-gas-fijo-gtq-wd6200\/\"]}]},{\"@type\":\"ImageObject\",\"inLanguage\":\"es\",\"@id\":\"https:\/\/processation.com\/es\/producto\/detector-de-gas-fijo-gtq-wd6200\/#primaryimage\",\"url\":\"https:\/\/processation.com\/wp-content\/uploads\/2024\/02\/GTQ-WD6200.jpg\",\"contentUrl\":\"https:\/\/processation.com\/wp-content\/uploads\/2024\/02\/GTQ-WD6200.jpg\",\"width\":350,\"height\":350},{\"@type\":\"BreadcrumbList\",\"@id\":\"https:\/\/processation.com\/es\/producto\/detector-de-gas-fijo-gtq-wd6200\/#breadcrumb\",\"itemListElement\":[{\"@type\":\"ListItem\",\"position\":1,\"name\":\"Portada\",\"item\":\"https:\/\/processation.com\/es\/\"},{\"@type\":\"ListItem\",\"position\":2,\"name\":\"Productos\",\"item\":\"https:\/\/processation.com\/productos\/\"},{\"@type\":\"ListItem\",\"position\":3,\"name\":\"Detector de gas fijo GTQ-WD6200\"}]},{\"@type\":\"WebSite\",\"@id\":\"https:\/\/processation.com\/es\/#website\",\"url\":\"https:\/\/processation.com\/es\/\",\"name\":\"PROCESSATION.COM\",\"description\":\"Especialistas en Instrumentaci\u00f3n y Automatizaci\u00f3n Industrial.\",\"publisher\":{\"@id\":\"https:\/\/processation.com\/es\/#organization\"},\"potentialAction\":[{\"@type\":\"SearchAction\",\"target\":{\"@type\":\"EntryPoint\",\"urlTemplate\":\"https:\/\/processation.com\/es\/?s={search_term_string}\"},\"query-input\":{\"@type\":\"PropertyValueSpecification\",\"valueRequired\":true,\"valueName\":\"search_term_string\"}}],\"inLanguage\":\"es\"},{\"@type\":\"Organization\",\"@id\":\"https:\/\/processation.com\/es\/#organization\",\"name\":\"PROCESSATION.COM\",\"url\":\"https:\/\/processation.com\/es\/\",\"logo\":{\"@type\":\"ImageObject\",\"inLanguage\":\"es\",\"@id\":\"https:\/\/processation.com\/es\/#\/schema\/logo\/image\/\",\"url\":\"https:\/\/processation.com\/wp-content\/uploads\/2023\/07\/PROCESSATION_LOGO.png\",\"contentUrl\":\"https:\/\/processation.com\/wp-content\/uploads\/2023\/07\/PROCESSATION_LOGO.png\",\"width\":1513,\"height\":360,\"caption\":\"PROCESSATION.COM\"},\"image\":{\"@id\":\"https:\/\/processation.com\/es\/#\/schema\/logo\/image\/\"}}]}<\/script>\n<!-- \/ Yoast SEO plugin. -->","yoast_head_json":{"title":"Detector de gas fijo GTQ-WD6200 - PROCESSATION.COM","robots":{"index":"index","follow":"follow","max-snippet":"max-snippet:-1","max-image-preview":"max-image-preview:large","max-video-preview":"max-video-preview:-1"},"canonical":"https:\/\/processation.com\/es\/producto\/detector-de-gas-fijo-gtq-wd6200\/","og_locale":"es_ES","og_type":"article","og_title":"Detector de gas fijo GTQ-WD6200 - PROCESSATION.COM","og_description":"El detector de gas fijo GTQ-WD6200 est\u00e1 dise\u00f1ado para uso industrial. Mediante la adopci\u00f3n de un sensor de gas de alto rendimiento y la tecnolog\u00eda MCU, combinados con un sofisticado proceso de fabricaci\u00f3n SMT, este detector tiene una buena repetibilidad, alta precisi\u00f3n y una larga vida \u00fatil. CARACTER\u00cdSTICAS Alta precisi\u00f3n de medici\u00f3n, rendimiento estable y larga vida \u00fatil - Salida de se\u00f1al anal\u00f3gica de 4-20 mA, carga digital RS485-RTU - Salida HART, compatible con el comunicador port\u00e1til Hart para ajustes - 3 salidas de rel\u00e9 para 1\u00aa alarma, 2\u00aa alarma y aver\u00eda - Pantalla LCD de alto rendimiento - Funcionamiento sin contacto mediante barra magn\u00e9tica\/mando a distancia por infrarrojos - M\u00f3dulo sensor inteligente, sin calibraci\u00f3n, f\u00e1cil de mantener - Comunicaci\u00f3n Bluetooth - Funci\u00f3n de actualizaci\u00f3n remota (opcional) SOLICITUD El detector se utiliza ampliamente en refiner\u00edas de petr\u00f3leo y plantas qu\u00edmicas del industrias petroleras y petroqu\u00edmicas, as\u00ed como industrias en las que gases inflamables pueden causar explosiones, como la metalurgia, la electricidad energ\u00eda, gas, restauraci\u00f3n y acuicultura. &nbsp;","og_url":"https:\/\/processation.com\/es\/producto\/detector-de-gas-fijo-gtq-wd6200\/","og_site_name":"PROCESSATION.COM","article_modified_time":"2024-07-10T19:05:18+00:00","og_image":[{"width":350,"height":350,"url":"https:\/\/processation.com\/wp-content\/uploads\/2024\/02\/GTQ-WD6200.jpg","type":"image\/jpeg"}],"twitter_card":"summary_large_image","schema":{"@context":"https:\/\/schema.org","@graph":[{"@type":"WebPage","@id":"https:\/\/processation.com\/es\/producto\/detector-de-gas-fijo-gtq-wd6200\/","url":"https:\/\/processation.com\/es\/producto\/detector-de-gas-fijo-gtq-wd6200\/","name":"Detector de gas fijo GTQ-WD6200 - PROCESSATION.COM","isPartOf":{"@id":"https:\/\/processation.com\/es\/#website"},"primaryImageOfPage":{"@id":"https:\/\/processation.com\/es\/producto\/detector-de-gas-fijo-gtq-wd6200\/#primaryimage"},"image":{"@id":"https:\/\/processation.com\/es\/producto\/detector-de-gas-fijo-gtq-wd6200\/#primaryimage"},"thumbnailUrl":"https:\/\/processation.com\/wp-content\/uploads\/2024\/02\/GTQ-WD6200.jpg","datePublished":"2024-02-29T14:00:05+00:00","dateModified":"2024-07-10T19:05:18+00:00","breadcrumb":{"@id":"https:\/\/processation.com\/es\/producto\/detector-de-gas-fijo-gtq-wd6200\/#breadcrumb"},"inLanguage":"es","potentialAction":[{"@type":"ReadAction","target":["https:\/\/processation.com\/es\/producto\/detector-de-gas-fijo-gtq-wd6200\/"]}]},{"@type":"ImageObject","inLanguage":"es","@id":"https:\/\/processation.com\/es\/producto\/detector-de-gas-fijo-gtq-wd6200\/#primaryimage","url":"https:\/\/processation.com\/wp-content\/uploads\/2024\/02\/GTQ-WD6200.jpg","contentUrl":"https:\/\/processation.com\/wp-content\/uploads\/2024\/02\/GTQ-WD6200.jpg","width":350,"height":350},{"@type":"BreadcrumbList","@id":"https:\/\/processation.com\/es\/producto\/detector-de-gas-fijo-gtq-wd6200\/#breadcrumb","itemListElement":[{"@type":"ListItem","position":1,"name":"Portada","item":"https:\/\/processation.com\/es\/"},{"@type":"ListItem","position":2,"name":"Productos","item":"https:\/\/processation.com\/productos\/"},{"@type":"ListItem","position":3,"name":"Detector de gas fijo GTQ-WD6200"}]},{"@type":"WebSite","@id":"https:\/\/processation.com\/es\/#website","url":"https:\/\/processation.com\/es\/","name":"PROCESSATION.COM","description":"Especialistas en Instrumentaci\u00f3n y Automatizaci\u00f3n Industrial.","publisher":{"@id":"https:\/\/processation.com\/es\/#organization"},"potentialAction":[{"@type":"SearchAction","target":{"@type":"EntryPoint","urlTemplate":"https:\/\/processation.com\/es\/?s={search_term_string}"},"query-input":{"@type":"PropertyValueSpecification","valueRequired":true,"valueName":"search_term_string"}}],"inLanguage":"es"},{"@type":"Organization","@id":"https:\/\/processation.com\/es\/#organization","name":"PROCESSATION.COM","url":"https:\/\/processation.com\/es\/","logo":{"@type":"ImageObject","inLanguage":"es","@id":"https:\/\/processation.com\/es\/#\/schema\/logo\/image\/","url":"https:\/\/processation.com\/wp-content\/uploads\/2023\/07\/PROCESSATION_LOGO.png","contentUrl":"https:\/\/processation.com\/wp-content\/uploads\/2023\/07\/PROCESSATION_LOGO.png","width":1513,"height":360,"caption":"PROCESSATION.COM"},"image":{"@id":"https:\/\/processation.com\/es\/#\/schema\/logo\/image\/"}}]}},"_links":{"self":[{"href":"https:\/\/processation.com\/es\/wp-json\/wp\/v2\/product\/1021","targetHints":{"allow":["GET"]}}],"collection":[{"href":"https:\/\/processation.com\/es\/wp-json\/wp\/v2\/product"}],"about":[{"href":"https:\/\/processation.com\/es\/wp-json\/wp\/v2\/types\/product"}],"wp:featuredmedia":[{"embeddable":true,"href":"https:\/\/processation.com\/es\/wp-json\/wp\/v2\/media\/1011"}],"wp:attachment":[{"href":"https:\/\/processation.com\/es\/wp-json\/wp\/v2\/media?parent=1021"}],"wp:term":[{"taxonomy":"product_brand","embeddable":true,"href":"https:\/\/processation.com\/es\/wp-json\/wp\/v2\/product_brand?post=1021"},{"taxonomy":"product_cat","embeddable":true,"href":"https:\/\/processation.com\/es\/wp-json\/wp\/v2\/product_cat?post=1021"},{"taxonomy":"product_tag","embeddable":true,"href":"https:\/\/processation.com\/es\/wp-json\/wp\/v2\/product_tag?post=1021"}],"curies":[{"name":"wp","href":"https:\/\/api.w.org\/{rel}","templated":true}]}}