{"id":104,"date":"2023-08-20T09:19:37","date_gmt":"2023-08-20T09:19:37","guid":{"rendered":"https:\/\/processation.com\/?post_type=product&#038;p=104"},"modified":"2023-08-26T11:08:36","modified_gmt":"2023-08-26T11:08:36","slug":"caudalimetro-de-solidos-2","status":"publish","type":"product","link":"https:\/\/processation.com\/es\/producto\/caudalimetro-de-solidos-2\/","title":{"rendered":"Caudal\u00edmetro de S\u00f3lidos"},"content":{"rendered":"","protected":false},"excerpt":{"rendered":"<ul class=\"my-7\">\n<li><b>Modelo: DYNA M-Flow<\/b>&#8211; Medici\u00f3n del Caudal de S\u00f3lidos sin Contacto- Excelente relaci\u00f3n costo\/beneficio &#8211; Gran repetibilidad- Exactitud T\u00edpicamente del 2 al 5%- No requiere calibraci\u00f3n peri\u00f3dica y Libre de Mantenimiento- Apto para transporte neum\u00e1tico y ca\u00edda libre- Rango de Medici\u00f3n desde 100 Kg\/h hasta 20 Tn\/h desde DN 20 hasta DN 200- Opci\u00f3n ATEX para \u00c1reas Clasificadas<\/li>\n<\/ul>\n<p id=\"simple-download-counter-106\" class=\"simple-download-counter\"><form method=\"get\" action=\"https:\/\/processation.com\/es\/sdc_download\/106\/?key=cpz3ld1w69u5houhs95q759b1dq31h\" class=\"simple-download-counter-button\" style=\"display:inline-block;\"><input type=\"hidden\" name=\"key\" value=\"cpz3ld1w69u5houhs95q759b1dq31h\"><button type=\"submit\" title=\"206 downloads\">Caracter\u00edsticas T\u00e9cnicas<\/button><\/form><\/p>\n<p>&nbsp;<\/p>\n<p>&nbsp;<\/p>\n","protected":false},"featured_media":109,"template":"","meta":{"_et_pb_use_builder":"off","_et_pb_old_content":"","_et_gb_content_width":""},"product_brand":[],"product_cat":[24],"product_tag":[25,31],"class_list":{"0":"post-104","1":"product","2":"type-product","3":"status-publish","4":"has-post-thumbnail","6":"product_cat-medicion-de-caudal","7":"product_tag-caudalimetro","8":"product_tag-solidos","10":"first","11":"instock","12":"taxable","13":"shipping-taxable","14":"product-type-simple"},"yoast_head":"<!-- This site is optimized with the Yoast SEO plugin v25.6 - https:\/\/yoast.com\/wordpress\/plugins\/seo\/ -->\n<title>Caudal\u00edmetro de S\u00f3lidos - PROCESSATION.COM<\/title>\n<meta name=\"robots\" content=\"index, follow, max-snippet:-1, max-image-preview:large, max-video-preview:-1\" \/>\n<link rel=\"canonical\" href=\"https:\/\/processation.com\/es\/producto\/caudalimetro-de-solidos-2\/\" \/>\n<meta property=\"og:locale\" content=\"es_ES\" \/>\n<meta property=\"og:type\" content=\"article\" \/>\n<meta property=\"og:title\" content=\"Caudal\u00edmetro de S\u00f3lidos - PROCESSATION.COM\" \/>\n<meta property=\"og:description\" content=\"Modelo: DYNA M-Flow- Medici\u00f3n del Caudal de S\u00f3lidos sin Contacto- Excelente relaci\u00f3n costo\/beneficio - Gran repetibilidad- Exactitud T\u00edpicamente del 2 al 5%- No requiere calibraci\u00f3n peri\u00f3dica y Libre de Mantenimiento- Apto para transporte neum\u00e1tico y ca\u00edda libre- Rango de Medici\u00f3n desde 100 Kg\/h hasta 20 Tn\/h desde DN 20 hasta DN 200- Opci\u00f3n ATEX para \u00c1reas Clasificadas    &nbsp;  &nbsp;\" \/>\n<meta property=\"og:url\" content=\"https:\/\/processation.com\/es\/producto\/caudalimetro-de-solidos-2\/\" \/>\n<meta property=\"og:site_name\" content=\"PROCESSATION.COM\" \/>\n<meta property=\"article:modified_time\" content=\"2023-08-26T11:08:36+00:00\" \/>\n<meta property=\"og:image\" content=\"https:\/\/processation.com\/wp-content\/uploads\/2023\/08\/DYNAMFLOW.png\" \/>\n\t<meta property=\"og:image:width\" content=\"350\" \/>\n\t<meta property=\"og:image:height\" content=\"350\" \/>\n\t<meta property=\"og:image:type\" content=\"image\/png\" \/>\n<meta name=\"twitter:card\" content=\"summary_large_image\" \/>\n<script type=\"application\/ld+json\" class=\"yoast-schema-graph\">{\"@context\":\"https:\/\/schema.org\",\"@graph\":[{\"@type\":\"WebPage\",\"@id\":\"https:\/\/processation.com\/es\/producto\/caudalimetro-de-solidos-2\/\",\"url\":\"https:\/\/processation.com\/es\/producto\/caudalimetro-de-solidos-2\/\",\"name\":\"Caudal\u00edmetro de S\u00f3lidos - PROCESSATION.COM\",\"isPartOf\":{\"@id\":\"https:\/\/processation.com\/es\/#website\"},\"primaryImageOfPage\":{\"@id\":\"https:\/\/processation.com\/es\/producto\/caudalimetro-de-solidos-2\/#primaryimage\"},\"image\":{\"@id\":\"https:\/\/processation.com\/es\/producto\/caudalimetro-de-solidos-2\/#primaryimage\"},\"thumbnailUrl\":\"https:\/\/processation.com\/wp-content\/uploads\/2023\/08\/DYNAMFLOW.png\",\"datePublished\":\"2023-08-20T09:19:37+00:00\",\"dateModified\":\"2023-08-26T11:08:36+00:00\",\"breadcrumb\":{\"@id\":\"https:\/\/processation.com\/es\/producto\/caudalimetro-de-solidos-2\/#breadcrumb\"},\"inLanguage\":\"es\",\"potentialAction\":[{\"@type\":\"ReadAction\",\"target\":[\"https:\/\/processation.com\/es\/producto\/caudalimetro-de-solidos-2\/\"]}]},{\"@type\":\"ImageObject\",\"inLanguage\":\"es\",\"@id\":\"https:\/\/processation.com\/es\/producto\/caudalimetro-de-solidos-2\/#primaryimage\",\"url\":\"https:\/\/processation.com\/wp-content\/uploads\/2023\/08\/DYNAMFLOW.png\",\"contentUrl\":\"https:\/\/processation.com\/wp-content\/uploads\/2023\/08\/DYNAMFLOW.png\",\"width\":350,\"height\":350},{\"@type\":\"BreadcrumbList\",\"@id\":\"https:\/\/processation.com\/es\/producto\/caudalimetro-de-solidos-2\/#breadcrumb\",\"itemListElement\":[{\"@type\":\"ListItem\",\"position\":1,\"name\":\"Portada\",\"item\":\"https:\/\/processation.com\/es\/\"},{\"@type\":\"ListItem\",\"position\":2,\"name\":\"Productos\",\"item\":\"https:\/\/processation.com\/productos\/\"},{\"@type\":\"ListItem\",\"position\":3,\"name\":\"Caudal\u00edmetro de S\u00f3lidos\"}]},{\"@type\":\"WebSite\",\"@id\":\"https:\/\/processation.com\/es\/#website\",\"url\":\"https:\/\/processation.com\/es\/\",\"name\":\"PROCESSATION.COM\",\"description\":\"Especialistas en Instrumentaci\u00f3n y Automatizaci\u00f3n Industrial.\",\"publisher\":{\"@id\":\"https:\/\/processation.com\/es\/#organization\"},\"potentialAction\":[{\"@type\":\"SearchAction\",\"target\":{\"@type\":\"EntryPoint\",\"urlTemplate\":\"https:\/\/processation.com\/es\/?s={search_term_string}\"},\"query-input\":{\"@type\":\"PropertyValueSpecification\",\"valueRequired\":true,\"valueName\":\"search_term_string\"}}],\"inLanguage\":\"es\"},{\"@type\":\"Organization\",\"@id\":\"https:\/\/processation.com\/es\/#organization\",\"name\":\"PROCESSATION.COM\",\"url\":\"https:\/\/processation.com\/es\/\",\"logo\":{\"@type\":\"ImageObject\",\"inLanguage\":\"es\",\"@id\":\"https:\/\/processation.com\/es\/#\/schema\/logo\/image\/\",\"url\":\"https:\/\/processation.com\/wp-content\/uploads\/2023\/07\/PROCESSATION_LOGO.png\",\"contentUrl\":\"https:\/\/processation.com\/wp-content\/uploads\/2023\/07\/PROCESSATION_LOGO.png\",\"width\":1513,\"height\":360,\"caption\":\"PROCESSATION.COM\"},\"image\":{\"@id\":\"https:\/\/processation.com\/es\/#\/schema\/logo\/image\/\"}}]}<\/script>\n<!-- \/ Yoast SEO plugin. -->","yoast_head_json":{"title":"Caudal\u00edmetro de S\u00f3lidos - PROCESSATION.COM","robots":{"index":"index","follow":"follow","max-snippet":"max-snippet:-1","max-image-preview":"max-image-preview:large","max-video-preview":"max-video-preview:-1"},"canonical":"https:\/\/processation.com\/es\/producto\/caudalimetro-de-solidos-2\/","og_locale":"es_ES","og_type":"article","og_title":"Caudal\u00edmetro de S\u00f3lidos - PROCESSATION.COM","og_description":"Modelo: DYNA M-Flow- Medici\u00f3n del Caudal de S\u00f3lidos sin Contacto- Excelente relaci\u00f3n costo\/beneficio - Gran repetibilidad- Exactitud T\u00edpicamente del 2 al 5%- No requiere calibraci\u00f3n peri\u00f3dica y Libre de Mantenimiento- Apto para transporte neum\u00e1tico y ca\u00edda libre- Rango de Medici\u00f3n desde 100 Kg\/h hasta 20 Tn\/h desde DN 20 hasta DN 200- Opci\u00f3n ATEX para \u00c1reas Clasificadas    &nbsp;  &nbsp;","og_url":"https:\/\/processation.com\/es\/producto\/caudalimetro-de-solidos-2\/","og_site_name":"PROCESSATION.COM","article_modified_time":"2023-08-26T11:08:36+00:00","og_image":[{"width":350,"height":350,"url":"https:\/\/processation.com\/wp-content\/uploads\/2023\/08\/DYNAMFLOW.png","type":"image\/png"}],"twitter_card":"summary_large_image","schema":{"@context":"https:\/\/schema.org","@graph":[{"@type":"WebPage","@id":"https:\/\/processation.com\/es\/producto\/caudalimetro-de-solidos-2\/","url":"https:\/\/processation.com\/es\/producto\/caudalimetro-de-solidos-2\/","name":"Caudal\u00edmetro de S\u00f3lidos - PROCESSATION.COM","isPartOf":{"@id":"https:\/\/processation.com\/es\/#website"},"primaryImageOfPage":{"@id":"https:\/\/processation.com\/es\/producto\/caudalimetro-de-solidos-2\/#primaryimage"},"image":{"@id":"https:\/\/processation.com\/es\/producto\/caudalimetro-de-solidos-2\/#primaryimage"},"thumbnailUrl":"https:\/\/processation.com\/wp-content\/uploads\/2023\/08\/DYNAMFLOW.png","datePublished":"2023-08-20T09:19:37+00:00","dateModified":"2023-08-26T11:08:36+00:00","breadcrumb":{"@id":"https:\/\/processation.com\/es\/producto\/caudalimetro-de-solidos-2\/#breadcrumb"},"inLanguage":"es","potentialAction":[{"@type":"ReadAction","target":["https:\/\/processation.com\/es\/producto\/caudalimetro-de-solidos-2\/"]}]},{"@type":"ImageObject","inLanguage":"es","@id":"https:\/\/processation.com\/es\/producto\/caudalimetro-de-solidos-2\/#primaryimage","url":"https:\/\/processation.com\/wp-content\/uploads\/2023\/08\/DYNAMFLOW.png","contentUrl":"https:\/\/processation.com\/wp-content\/uploads\/2023\/08\/DYNAMFLOW.png","width":350,"height":350},{"@type":"BreadcrumbList","@id":"https:\/\/processation.com\/es\/producto\/caudalimetro-de-solidos-2\/#breadcrumb","itemListElement":[{"@type":"ListItem","position":1,"name":"Portada","item":"https:\/\/processation.com\/es\/"},{"@type":"ListItem","position":2,"name":"Productos","item":"https:\/\/processation.com\/productos\/"},{"@type":"ListItem","position":3,"name":"Caudal\u00edmetro de S\u00f3lidos"}]},{"@type":"WebSite","@id":"https:\/\/processation.com\/es\/#website","url":"https:\/\/processation.com\/es\/","name":"PROCESSATION.COM","description":"Especialistas en Instrumentaci\u00f3n y Automatizaci\u00f3n Industrial.","publisher":{"@id":"https:\/\/processation.com\/es\/#organization"},"potentialAction":[{"@type":"SearchAction","target":{"@type":"EntryPoint","urlTemplate":"https:\/\/processation.com\/es\/?s={search_term_string}"},"query-input":{"@type":"PropertyValueSpecification","valueRequired":true,"valueName":"search_term_string"}}],"inLanguage":"es"},{"@type":"Organization","@id":"https:\/\/processation.com\/es\/#organization","name":"PROCESSATION.COM","url":"https:\/\/processation.com\/es\/","logo":{"@type":"ImageObject","inLanguage":"es","@id":"https:\/\/processation.com\/es\/#\/schema\/logo\/image\/","url":"https:\/\/processation.com\/wp-content\/uploads\/2023\/07\/PROCESSATION_LOGO.png","contentUrl":"https:\/\/processation.com\/wp-content\/uploads\/2023\/07\/PROCESSATION_LOGO.png","width":1513,"height":360,"caption":"PROCESSATION.COM"},"image":{"@id":"https:\/\/processation.com\/es\/#\/schema\/logo\/image\/"}}]}},"_links":{"self":[{"href":"https:\/\/processation.com\/es\/wp-json\/wp\/v2\/product\/104","targetHints":{"allow":["GET"]}}],"collection":[{"href":"https:\/\/processation.com\/es\/wp-json\/wp\/v2\/product"}],"about":[{"href":"https:\/\/processation.com\/es\/wp-json\/wp\/v2\/types\/product"}],"wp:featuredmedia":[{"embeddable":true,"href":"https:\/\/processation.com\/es\/wp-json\/wp\/v2\/media\/109"}],"wp:attachment":[{"href":"https:\/\/processation.com\/es\/wp-json\/wp\/v2\/media?parent=104"}],"wp:term":[{"taxonomy":"product_brand","embeddable":true,"href":"https:\/\/processation.com\/es\/wp-json\/wp\/v2\/product_brand?post=104"},{"taxonomy":"product_cat","embeddable":true,"href":"https:\/\/processation.com\/es\/wp-json\/wp\/v2\/product_cat?post=104"},{"taxonomy":"product_tag","embeddable":true,"href":"https:\/\/processation.com\/es\/wp-json\/wp\/v2\/product_tag?post=104"}],"curies":[{"name":"wp","href":"https:\/\/api.w.org\/{rel}","templated":true}]}}