{"id":13,"date":"2023-07-21T06:51:57","date_gmt":"2023-07-21T06:51:57","guid":{"rendered":"https:\/\/processation.com\/?post_type=product&#038;p=13"},"modified":"2023-08-22T12:06:11","modified_gmt":"2023-08-22T12:06:11","slug":"detector-multigas-atex","status":"publish","type":"product","link":"https:\/\/processation.com\/es\/producto\/detector-multigas-atex\/","title":{"rendered":"Detector Multigas &#8211; ATEX"},"content":{"rendered":"","protected":false},"excerpt":{"rendered":"<ul class=\"my-7\">\n<li><b>Modelo: BX 616<\/b>&#8211; Detector Multigas de Explosividad, Ox\u00edgeno, Sulfuro de Hidr\u00f3geno y Mon\u00f3xido de Carbono- Display LCD iluminado de Alto Contraste\n<p>&#8211; Alarmas ajustables por alto y bajo nivel<\/p>\n<p>&#8211; Bater\u00eda recargable de Alta Capacidad y Duraci\u00f3n (carga r\u00e1pida de 4 a 6 hs)<\/p>\n<p>&#8211; Gabinete Antideslizante a prueba de Agua y Polvo<\/p>\n<p>&#8211; Seguridad Intr\u00ednseca Certificado ATEX &#8211; Ex ia IIC T4<\/li>\n<\/ul>\n<p>&nbsp;<\/p>\n<p id=\"simple-download-counter-154\" class=\"simple-download-counter\"><form method=\"get\" action=\"https:\/\/processation.com\/es\/sdc_download\/154\/?key=9vyfev8rfj9kj4m12k09mf0h1po6tl\" class=\"simple-download-counter-button\" style=\"display:inline-block;\"><input type=\"hidden\" name=\"key\" value=\"9vyfev8rfj9kj4m12k09mf0h1po6tl\"><button type=\"submit\" title=\"208 downloads\">Caracter\u00edsticas T\u00e9cnicas<\/button><\/form><\/p>\n","protected":false},"featured_media":15,"template":"","meta":{"_et_pb_use_builder":"","_et_pb_old_content":"","_et_gb_content_width":""},"product_brand":[],"product_cat":[16],"product_tag":[17,19,18],"class_list":{"0":"post-13","1":"product","2":"type-product","3":"status-publish","4":"has-post-thumbnail","6":"product_cat-deteccion-de-gases","7":"product_tag-detector","8":"product_tag-gas","9":"product_tag-multigas","11":"first","12":"instock","13":"taxable","14":"shipping-taxable","15":"product-type-simple"},"yoast_head":"<!-- This site is optimized with the Yoast SEO plugin v25.6 - https:\/\/yoast.com\/wordpress\/plugins\/seo\/ -->\n<title>Detector Multigas - ATEX - PROCESSATION.COM<\/title>\n<meta name=\"robots\" content=\"index, follow, max-snippet:-1, max-image-preview:large, max-video-preview:-1\" \/>\n<link rel=\"canonical\" href=\"https:\/\/processation.com\/es\/producto\/detector-multigas-atex\/\" \/>\n<meta property=\"og:locale\" content=\"es_ES\" \/>\n<meta property=\"og:type\" content=\"article\" \/>\n<meta property=\"og:title\" content=\"Detector Multigas - ATEX - PROCESSATION.COM\" \/>\n<meta property=\"og:description\" content=\"Modelo: BX 616- Detector Multigas de Explosividad, Ox\u00edgeno, Sulfuro de Hidr\u00f3geno y Mon\u00f3xido de Carbono- Display LCD iluminado de Alto Contraste  - Alarmas ajustables por alto y bajo nivel  - Bater\u00eda recargable de Alta Capacidad y Duraci\u00f3n (carga r\u00e1pida de 4 a 6 hs)  - Gabinete Antideslizante a prueba de Agua y Polvo  - Seguridad Intr\u00ednseca Certificado ATEX - Ex ia IIC T4  &nbsp;\" \/>\n<meta property=\"og:url\" content=\"https:\/\/processation.com\/es\/producto\/detector-multigas-atex\/\" \/>\n<meta property=\"og:site_name\" content=\"PROCESSATION.COM\" \/>\n<meta property=\"article:modified_time\" content=\"2023-08-22T12:06:11+00:00\" \/>\n<meta property=\"og:image\" content=\"https:\/\/processation.com\/wp-content\/uploads\/2023\/07\/BX616.png0_.312201001622139340.png\" \/>\n\t<meta property=\"og:image:width\" content=\"350\" \/>\n\t<meta property=\"og:image:height\" content=\"350\" \/>\n\t<meta property=\"og:image:type\" content=\"image\/png\" \/>\n<meta name=\"twitter:card\" content=\"summary_large_image\" \/>\n<script type=\"application\/ld+json\" class=\"yoast-schema-graph\">{\"@context\":\"https:\/\/schema.org\",\"@graph\":[{\"@type\":\"WebPage\",\"@id\":\"https:\/\/processation.com\/es\/producto\/detector-multigas-atex\/\",\"url\":\"https:\/\/processation.com\/es\/producto\/detector-multigas-atex\/\",\"name\":\"Detector Multigas - ATEX - PROCESSATION.COM\",\"isPartOf\":{\"@id\":\"https:\/\/processation.com\/es\/#website\"},\"primaryImageOfPage\":{\"@id\":\"https:\/\/processation.com\/es\/producto\/detector-multigas-atex\/#primaryimage\"},\"image\":{\"@id\":\"https:\/\/processation.com\/es\/producto\/detector-multigas-atex\/#primaryimage\"},\"thumbnailUrl\":\"https:\/\/processation.com\/wp-content\/uploads\/2023\/07\/BX616.png0_.312201001622139340.png\",\"datePublished\":\"2023-07-21T06:51:57+00:00\",\"dateModified\":\"2023-08-22T12:06:11+00:00\",\"breadcrumb\":{\"@id\":\"https:\/\/processation.com\/es\/producto\/detector-multigas-atex\/#breadcrumb\"},\"inLanguage\":\"es\",\"potentialAction\":[{\"@type\":\"ReadAction\",\"target\":[\"https:\/\/processation.com\/es\/producto\/detector-multigas-atex\/\"]}]},{\"@type\":\"ImageObject\",\"inLanguage\":\"es\",\"@id\":\"https:\/\/processation.com\/es\/producto\/detector-multigas-atex\/#primaryimage\",\"url\":\"https:\/\/processation.com\/wp-content\/uploads\/2023\/07\/BX616.png0_.312201001622139340.png\",\"contentUrl\":\"https:\/\/processation.com\/wp-content\/uploads\/2023\/07\/BX616.png0_.312201001622139340.png\",\"width\":350,\"height\":350},{\"@type\":\"BreadcrumbList\",\"@id\":\"https:\/\/processation.com\/es\/producto\/detector-multigas-atex\/#breadcrumb\",\"itemListElement\":[{\"@type\":\"ListItem\",\"position\":1,\"name\":\"Portada\",\"item\":\"https:\/\/processation.com\/es\/\"},{\"@type\":\"ListItem\",\"position\":2,\"name\":\"Productos\",\"item\":\"https:\/\/processation.com\/productos\/\"},{\"@type\":\"ListItem\",\"position\":3,\"name\":\"Detector Multigas &#8211; ATEX\"}]},{\"@type\":\"WebSite\",\"@id\":\"https:\/\/processation.com\/es\/#website\",\"url\":\"https:\/\/processation.com\/es\/\",\"name\":\"PROCESSATION.COM\",\"description\":\"Especialistas en Instrumentaci\u00f3n y Automatizaci\u00f3n Industrial.\",\"publisher\":{\"@id\":\"https:\/\/processation.com\/es\/#organization\"},\"potentialAction\":[{\"@type\":\"SearchAction\",\"target\":{\"@type\":\"EntryPoint\",\"urlTemplate\":\"https:\/\/processation.com\/es\/?s={search_term_string}\"},\"query-input\":{\"@type\":\"PropertyValueSpecification\",\"valueRequired\":true,\"valueName\":\"search_term_string\"}}],\"inLanguage\":\"es\"},{\"@type\":\"Organization\",\"@id\":\"https:\/\/processation.com\/es\/#organization\",\"name\":\"PROCESSATION.COM\",\"url\":\"https:\/\/processation.com\/es\/\",\"logo\":{\"@type\":\"ImageObject\",\"inLanguage\":\"es\",\"@id\":\"https:\/\/processation.com\/es\/#\/schema\/logo\/image\/\",\"url\":\"https:\/\/processation.com\/wp-content\/uploads\/2023\/07\/PROCESSATION_LOGO.png\",\"contentUrl\":\"https:\/\/processation.com\/wp-content\/uploads\/2023\/07\/PROCESSATION_LOGO.png\",\"width\":1513,\"height\":360,\"caption\":\"PROCESSATION.COM\"},\"image\":{\"@id\":\"https:\/\/processation.com\/es\/#\/schema\/logo\/image\/\"}}]}<\/script>\n<!-- \/ Yoast SEO plugin. -->","yoast_head_json":{"title":"Detector Multigas - ATEX - PROCESSATION.COM","robots":{"index":"index","follow":"follow","max-snippet":"max-snippet:-1","max-image-preview":"max-image-preview:large","max-video-preview":"max-video-preview:-1"},"canonical":"https:\/\/processation.com\/es\/producto\/detector-multigas-atex\/","og_locale":"es_ES","og_type":"article","og_title":"Detector Multigas - ATEX - PROCESSATION.COM","og_description":"Modelo: BX 616- Detector Multigas de Explosividad, Ox\u00edgeno, Sulfuro de Hidr\u00f3geno y Mon\u00f3xido de Carbono- Display LCD iluminado de Alto Contraste  - Alarmas ajustables por alto y bajo nivel  - Bater\u00eda recargable de Alta Capacidad y Duraci\u00f3n (carga r\u00e1pida de 4 a 6 hs)  - Gabinete Antideslizante a prueba de Agua y Polvo  - Seguridad Intr\u00ednseca Certificado ATEX - Ex ia IIC T4  &nbsp;","og_url":"https:\/\/processation.com\/es\/producto\/detector-multigas-atex\/","og_site_name":"PROCESSATION.COM","article_modified_time":"2023-08-22T12:06:11+00:00","og_image":[{"width":350,"height":350,"url":"https:\/\/processation.com\/wp-content\/uploads\/2023\/07\/BX616.png0_.312201001622139340.png","type":"image\/png"}],"twitter_card":"summary_large_image","schema":{"@context":"https:\/\/schema.org","@graph":[{"@type":"WebPage","@id":"https:\/\/processation.com\/es\/producto\/detector-multigas-atex\/","url":"https:\/\/processation.com\/es\/producto\/detector-multigas-atex\/","name":"Detector Multigas - ATEX - PROCESSATION.COM","isPartOf":{"@id":"https:\/\/processation.com\/es\/#website"},"primaryImageOfPage":{"@id":"https:\/\/processation.com\/es\/producto\/detector-multigas-atex\/#primaryimage"},"image":{"@id":"https:\/\/processation.com\/es\/producto\/detector-multigas-atex\/#primaryimage"},"thumbnailUrl":"https:\/\/processation.com\/wp-content\/uploads\/2023\/07\/BX616.png0_.312201001622139340.png","datePublished":"2023-07-21T06:51:57+00:00","dateModified":"2023-08-22T12:06:11+00:00","breadcrumb":{"@id":"https:\/\/processation.com\/es\/producto\/detector-multigas-atex\/#breadcrumb"},"inLanguage":"es","potentialAction":[{"@type":"ReadAction","target":["https:\/\/processation.com\/es\/producto\/detector-multigas-atex\/"]}]},{"@type":"ImageObject","inLanguage":"es","@id":"https:\/\/processation.com\/es\/producto\/detector-multigas-atex\/#primaryimage","url":"https:\/\/processation.com\/wp-content\/uploads\/2023\/07\/BX616.png0_.312201001622139340.png","contentUrl":"https:\/\/processation.com\/wp-content\/uploads\/2023\/07\/BX616.png0_.312201001622139340.png","width":350,"height":350},{"@type":"BreadcrumbList","@id":"https:\/\/processation.com\/es\/producto\/detector-multigas-atex\/#breadcrumb","itemListElement":[{"@type":"ListItem","position":1,"name":"Portada","item":"https:\/\/processation.com\/es\/"},{"@type":"ListItem","position":2,"name":"Productos","item":"https:\/\/processation.com\/productos\/"},{"@type":"ListItem","position":3,"name":"Detector Multigas &#8211; ATEX"}]},{"@type":"WebSite","@id":"https:\/\/processation.com\/es\/#website","url":"https:\/\/processation.com\/es\/","name":"PROCESSATION.COM","description":"Especialistas en Instrumentaci\u00f3n y Automatizaci\u00f3n Industrial.","publisher":{"@id":"https:\/\/processation.com\/es\/#organization"},"potentialAction":[{"@type":"SearchAction","target":{"@type":"EntryPoint","urlTemplate":"https:\/\/processation.com\/es\/?s={search_term_string}"},"query-input":{"@type":"PropertyValueSpecification","valueRequired":true,"valueName":"search_term_string"}}],"inLanguage":"es"},{"@type":"Organization","@id":"https:\/\/processation.com\/es\/#organization","name":"PROCESSATION.COM","url":"https:\/\/processation.com\/es\/","logo":{"@type":"ImageObject","inLanguage":"es","@id":"https:\/\/processation.com\/es\/#\/schema\/logo\/image\/","url":"https:\/\/processation.com\/wp-content\/uploads\/2023\/07\/PROCESSATION_LOGO.png","contentUrl":"https:\/\/processation.com\/wp-content\/uploads\/2023\/07\/PROCESSATION_LOGO.png","width":1513,"height":360,"caption":"PROCESSATION.COM"},"image":{"@id":"https:\/\/processation.com\/es\/#\/schema\/logo\/image\/"}}]}},"_links":{"self":[{"href":"https:\/\/processation.com\/es\/wp-json\/wp\/v2\/product\/13","targetHints":{"allow":["GET"]}}],"collection":[{"href":"https:\/\/processation.com\/es\/wp-json\/wp\/v2\/product"}],"about":[{"href":"https:\/\/processation.com\/es\/wp-json\/wp\/v2\/types\/product"}],"wp:featuredmedia":[{"embeddable":true,"href":"https:\/\/processation.com\/es\/wp-json\/wp\/v2\/media\/15"}],"wp:attachment":[{"href":"https:\/\/processation.com\/es\/wp-json\/wp\/v2\/media?parent=13"}],"wp:term":[{"taxonomy":"product_brand","embeddable":true,"href":"https:\/\/processation.com\/es\/wp-json\/wp\/v2\/product_brand?post=13"},{"taxonomy":"product_cat","embeddable":true,"href":"https:\/\/processation.com\/es\/wp-json\/wp\/v2\/product_cat?post=13"},{"taxonomy":"product_tag","embeddable":true,"href":"https:\/\/processation.com\/es\/wp-json\/wp\/v2\/product_tag?post=13"}],"curies":[{"name":"wp","href":"https:\/\/api.w.org\/{rel}","templated":true}]}}