{"id":146,"date":"2023-08-22T10:38:58","date_gmt":"2023-08-22T10:38:58","guid":{"rendered":"https:\/\/processation.com\/?post_type=product&#038;p=146"},"modified":"2024-07-10T18:58:53","modified_gmt":"2024-07-10T18:58:53","slug":"transmisor-de-nivel-por-ultrasonido-compacto","status":"publish","type":"product","link":"https:\/\/processation.com\/es\/producto\/transmisor-de-nivel-por-ultrasonido-compacto\/","title":{"rendered":"Transmisor de Nivel por Ultrasonido &#8211; Compacto"},"content":{"rendered":"","protected":false},"excerpt":{"rendered":"<ul class=\"my-7\">\n<li>Display y Teclado de configuraci\u00f3n incorporado<\/li>\n<li>Varios Rangos disponibles hasta 30 mts.<\/li>\n<li>Salida 4-20 mA en 2, 3 y 4 hilos &#8211; 24 VCC<\/li>\n<li>Gabinete de Aluminio est\u00e1ndar &#8211;\u00a0Seguridad Intr\u00ednseca o Ex-Proof<\/li>\n<li>Opcionales: HART, MODbus, PTFE, 220 VCA, Rel\u00e9s<\/li>\n<li>Escudo de inmersi\u00f3n y tuerca de sujeci\u00f3n siempre incluidos<\/li>\n<\/ul>\n<p id=\"simple-download-counter-169\" class=\"simple-download-counter\"><form method=\"get\" action=\"https:\/\/processation.com\/es\/sdc_download\/169\/?key=cs8g4s8tizq4x5selnyy70ysx63e7g\" class=\"simple-download-counter-button\" style=\"display:inline-block;\"><input type=\"hidden\" name=\"key\" value=\"cs8g4s8tizq4x5selnyy70ysx63e7g\"><button type=\"submit\" title=\"183 downloads\">Caracter\u00edsticas T\u00e9cnicas<\/button><\/form><\/p>\n","protected":false},"featured_media":147,"template":"","meta":{"_et_pb_use_builder":"","_et_pb_old_content":"","_et_gb_content_width":""},"product_brand":[],"product_cat":[57,38],"product_tag":[35,37,36],"class_list":{"0":"post-146","1":"product","2":"type-product","3":"status-publish","4":"has-post-thumbnail","6":"product_cat-aguas","7":"product_cat-medicion-de-nivel","8":"product_tag-nivel","9":"product_tag-transmisor","10":"product_tag-ultrasonido","12":"first","13":"instock","14":"taxable","15":"shipping-taxable","16":"product-type-simple"},"yoast_head":"<!-- This site is optimized with the Yoast SEO plugin v25.6 - https:\/\/yoast.com\/wordpress\/plugins\/seo\/ -->\n<title>Transmisor de Nivel por Ultrasonido - Compacto - PROCESSATION.COM<\/title>\n<meta name=\"robots\" content=\"index, follow, max-snippet:-1, max-image-preview:large, max-video-preview:-1\" \/>\n<link rel=\"canonical\" href=\"https:\/\/processation.com\/es\/producto\/transmisor-de-nivel-por-ultrasonido-compacto\/\" \/>\n<meta property=\"og:locale\" content=\"es_ES\" \/>\n<meta property=\"og:type\" content=\"article\" \/>\n<meta property=\"og:title\" content=\"Transmisor de Nivel por Ultrasonido - Compacto - PROCESSATION.COM\" \/>\n<meta property=\"og:description\" content=\"Display y Teclado de configuraci\u00f3n incorporado  Varios Rangos disponibles hasta 30 mts.  Salida 4-20 mA en 2, 3 y 4 hilos - 24 VCC  Gabinete de Aluminio est\u00e1ndar -\u00a0Seguridad Intr\u00ednseca o Ex-Proof  Opcionales: HART, MODbus, PTFE, 220 VCA, Rel\u00e9s  Escudo de inmersi\u00f3n y tuerca de sujeci\u00f3n siempre incluidos\" \/>\n<meta property=\"og:url\" content=\"https:\/\/processation.com\/es\/producto\/transmisor-de-nivel-por-ultrasonido-compacto\/\" \/>\n<meta property=\"og:site_name\" content=\"PROCESSATION.COM\" \/>\n<meta property=\"article:modified_time\" content=\"2024-07-10T18:58:53+00:00\" \/>\n<meta property=\"og:image\" content=\"https:\/\/processation.com\/wp-content\/uploads\/2023\/08\/transmisor-de-nivel-por-ultrasonido.png\" \/>\n\t<meta property=\"og:image:width\" content=\"350\" \/>\n\t<meta property=\"og:image:height\" content=\"350\" \/>\n\t<meta property=\"og:image:type\" content=\"image\/png\" \/>\n<meta name=\"twitter:card\" content=\"summary_large_image\" \/>\n<meta name=\"twitter:label1\" content=\"Tiempo de lectura\" \/>\n\t<meta name=\"twitter:data1\" content=\"1 minuto\" \/>\n<script type=\"application\/ld+json\" class=\"yoast-schema-graph\">{\"@context\":\"https:\/\/schema.org\",\"@graph\":[{\"@type\":\"WebPage\",\"@id\":\"https:\/\/processation.com\/es\/producto\/transmisor-de-nivel-por-ultrasonido-compacto\/\",\"url\":\"https:\/\/processation.com\/es\/producto\/transmisor-de-nivel-por-ultrasonido-compacto\/\",\"name\":\"Transmisor de Nivel por Ultrasonido - Compacto - PROCESSATION.COM\",\"isPartOf\":{\"@id\":\"https:\/\/processation.com\/es\/#website\"},\"primaryImageOfPage\":{\"@id\":\"https:\/\/processation.com\/es\/producto\/transmisor-de-nivel-por-ultrasonido-compacto\/#primaryimage\"},\"image\":{\"@id\":\"https:\/\/processation.com\/es\/producto\/transmisor-de-nivel-por-ultrasonido-compacto\/#primaryimage\"},\"thumbnailUrl\":\"https:\/\/processation.com\/wp-content\/uploads\/2023\/08\/transmisor-de-nivel-por-ultrasonido.png\",\"datePublished\":\"2023-08-22T10:38:58+00:00\",\"dateModified\":\"2024-07-10T18:58:53+00:00\",\"breadcrumb\":{\"@id\":\"https:\/\/processation.com\/es\/producto\/transmisor-de-nivel-por-ultrasonido-compacto\/#breadcrumb\"},\"inLanguage\":\"es\",\"potentialAction\":[{\"@type\":\"ReadAction\",\"target\":[\"https:\/\/processation.com\/es\/producto\/transmisor-de-nivel-por-ultrasonido-compacto\/\"]}]},{\"@type\":\"ImageObject\",\"inLanguage\":\"es\",\"@id\":\"https:\/\/processation.com\/es\/producto\/transmisor-de-nivel-por-ultrasonido-compacto\/#primaryimage\",\"url\":\"https:\/\/processation.com\/wp-content\/uploads\/2023\/08\/transmisor-de-nivel-por-ultrasonido.png\",\"contentUrl\":\"https:\/\/processation.com\/wp-content\/uploads\/2023\/08\/transmisor-de-nivel-por-ultrasonido.png\",\"width\":350,\"height\":350},{\"@type\":\"BreadcrumbList\",\"@id\":\"https:\/\/processation.com\/es\/producto\/transmisor-de-nivel-por-ultrasonido-compacto\/#breadcrumb\",\"itemListElement\":[{\"@type\":\"ListItem\",\"position\":1,\"name\":\"Portada\",\"item\":\"https:\/\/processation.com\/es\/\"},{\"@type\":\"ListItem\",\"position\":2,\"name\":\"Productos\",\"item\":\"https:\/\/processation.com\/productos\/\"},{\"@type\":\"ListItem\",\"position\":3,\"name\":\"Transmisor de Nivel por Ultrasonido &#8211; Compacto\"}]},{\"@type\":\"WebSite\",\"@id\":\"https:\/\/processation.com\/es\/#website\",\"url\":\"https:\/\/processation.com\/es\/\",\"name\":\"PROCESSATION.COM\",\"description\":\"Especialistas en Instrumentaci\u00f3n y Automatizaci\u00f3n Industrial.\",\"publisher\":{\"@id\":\"https:\/\/processation.com\/es\/#organization\"},\"potentialAction\":[{\"@type\":\"SearchAction\",\"target\":{\"@type\":\"EntryPoint\",\"urlTemplate\":\"https:\/\/processation.com\/es\/?s={search_term_string}\"},\"query-input\":{\"@type\":\"PropertyValueSpecification\",\"valueRequired\":true,\"valueName\":\"search_term_string\"}}],\"inLanguage\":\"es\"},{\"@type\":\"Organization\",\"@id\":\"https:\/\/processation.com\/es\/#organization\",\"name\":\"PROCESSATION.COM\",\"url\":\"https:\/\/processation.com\/es\/\",\"logo\":{\"@type\":\"ImageObject\",\"inLanguage\":\"es\",\"@id\":\"https:\/\/processation.com\/es\/#\/schema\/logo\/image\/\",\"url\":\"https:\/\/processation.com\/wp-content\/uploads\/2023\/07\/PROCESSATION_LOGO.png\",\"contentUrl\":\"https:\/\/processation.com\/wp-content\/uploads\/2023\/07\/PROCESSATION_LOGO.png\",\"width\":1513,\"height\":360,\"caption\":\"PROCESSATION.COM\"},\"image\":{\"@id\":\"https:\/\/processation.com\/es\/#\/schema\/logo\/image\/\"}}]}<\/script>\n<!-- \/ Yoast SEO plugin. -->","yoast_head_json":{"title":"Transmisor de Nivel por Ultrasonido - Compacto - PROCESSATION.COM","robots":{"index":"index","follow":"follow","max-snippet":"max-snippet:-1","max-image-preview":"max-image-preview:large","max-video-preview":"max-video-preview:-1"},"canonical":"https:\/\/processation.com\/es\/producto\/transmisor-de-nivel-por-ultrasonido-compacto\/","og_locale":"es_ES","og_type":"article","og_title":"Transmisor de Nivel por Ultrasonido - Compacto - PROCESSATION.COM","og_description":"Display y Teclado de configuraci\u00f3n incorporado  Varios Rangos disponibles hasta 30 mts.  Salida 4-20 mA en 2, 3 y 4 hilos - 24 VCC  Gabinete de Aluminio est\u00e1ndar -\u00a0Seguridad Intr\u00ednseca o Ex-Proof  Opcionales: HART, MODbus, PTFE, 220 VCA, Rel\u00e9s  Escudo de inmersi\u00f3n y tuerca de sujeci\u00f3n siempre incluidos","og_url":"https:\/\/processation.com\/es\/producto\/transmisor-de-nivel-por-ultrasonido-compacto\/","og_site_name":"PROCESSATION.COM","article_modified_time":"2024-07-10T18:58:53+00:00","og_image":[{"width":350,"height":350,"url":"https:\/\/processation.com\/wp-content\/uploads\/2023\/08\/transmisor-de-nivel-por-ultrasonido.png","type":"image\/png"}],"twitter_card":"summary_large_image","twitter_misc":{"Tiempo de lectura":"1 minuto"},"schema":{"@context":"https:\/\/schema.org","@graph":[{"@type":"WebPage","@id":"https:\/\/processation.com\/es\/producto\/transmisor-de-nivel-por-ultrasonido-compacto\/","url":"https:\/\/processation.com\/es\/producto\/transmisor-de-nivel-por-ultrasonido-compacto\/","name":"Transmisor de Nivel por Ultrasonido - Compacto - PROCESSATION.COM","isPartOf":{"@id":"https:\/\/processation.com\/es\/#website"},"primaryImageOfPage":{"@id":"https:\/\/processation.com\/es\/producto\/transmisor-de-nivel-por-ultrasonido-compacto\/#primaryimage"},"image":{"@id":"https:\/\/processation.com\/es\/producto\/transmisor-de-nivel-por-ultrasonido-compacto\/#primaryimage"},"thumbnailUrl":"https:\/\/processation.com\/wp-content\/uploads\/2023\/08\/transmisor-de-nivel-por-ultrasonido.png","datePublished":"2023-08-22T10:38:58+00:00","dateModified":"2024-07-10T18:58:53+00:00","breadcrumb":{"@id":"https:\/\/processation.com\/es\/producto\/transmisor-de-nivel-por-ultrasonido-compacto\/#breadcrumb"},"inLanguage":"es","potentialAction":[{"@type":"ReadAction","target":["https:\/\/processation.com\/es\/producto\/transmisor-de-nivel-por-ultrasonido-compacto\/"]}]},{"@type":"ImageObject","inLanguage":"es","@id":"https:\/\/processation.com\/es\/producto\/transmisor-de-nivel-por-ultrasonido-compacto\/#primaryimage","url":"https:\/\/processation.com\/wp-content\/uploads\/2023\/08\/transmisor-de-nivel-por-ultrasonido.png","contentUrl":"https:\/\/processation.com\/wp-content\/uploads\/2023\/08\/transmisor-de-nivel-por-ultrasonido.png","width":350,"height":350},{"@type":"BreadcrumbList","@id":"https:\/\/processation.com\/es\/producto\/transmisor-de-nivel-por-ultrasonido-compacto\/#breadcrumb","itemListElement":[{"@type":"ListItem","position":1,"name":"Portada","item":"https:\/\/processation.com\/es\/"},{"@type":"ListItem","position":2,"name":"Productos","item":"https:\/\/processation.com\/productos\/"},{"@type":"ListItem","position":3,"name":"Transmisor de Nivel por Ultrasonido &#8211; Compacto"}]},{"@type":"WebSite","@id":"https:\/\/processation.com\/es\/#website","url":"https:\/\/processation.com\/es\/","name":"PROCESSATION.COM","description":"Especialistas en Instrumentaci\u00f3n y Automatizaci\u00f3n Industrial.","publisher":{"@id":"https:\/\/processation.com\/es\/#organization"},"potentialAction":[{"@type":"SearchAction","target":{"@type":"EntryPoint","urlTemplate":"https:\/\/processation.com\/es\/?s={search_term_string}"},"query-input":{"@type":"PropertyValueSpecification","valueRequired":true,"valueName":"search_term_string"}}],"inLanguage":"es"},{"@type":"Organization","@id":"https:\/\/processation.com\/es\/#organization","name":"PROCESSATION.COM","url":"https:\/\/processation.com\/es\/","logo":{"@type":"ImageObject","inLanguage":"es","@id":"https:\/\/processation.com\/es\/#\/schema\/logo\/image\/","url":"https:\/\/processation.com\/wp-content\/uploads\/2023\/07\/PROCESSATION_LOGO.png","contentUrl":"https:\/\/processation.com\/wp-content\/uploads\/2023\/07\/PROCESSATION_LOGO.png","width":1513,"height":360,"caption":"PROCESSATION.COM"},"image":{"@id":"https:\/\/processation.com\/es\/#\/schema\/logo\/image\/"}}]}},"_links":{"self":[{"href":"https:\/\/processation.com\/es\/wp-json\/wp\/v2\/product\/146","targetHints":{"allow":["GET"]}}],"collection":[{"href":"https:\/\/processation.com\/es\/wp-json\/wp\/v2\/product"}],"about":[{"href":"https:\/\/processation.com\/es\/wp-json\/wp\/v2\/types\/product"}],"wp:featuredmedia":[{"embeddable":true,"href":"https:\/\/processation.com\/es\/wp-json\/wp\/v2\/media\/147"}],"wp:attachment":[{"href":"https:\/\/processation.com\/es\/wp-json\/wp\/v2\/media?parent=146"}],"wp:term":[{"taxonomy":"product_brand","embeddable":true,"href":"https:\/\/processation.com\/es\/wp-json\/wp\/v2\/product_brand?post=146"},{"taxonomy":"product_cat","embeddable":true,"href":"https:\/\/processation.com\/es\/wp-json\/wp\/v2\/product_cat?post=146"},{"taxonomy":"product_tag","embeddable":true,"href":"https:\/\/processation.com\/es\/wp-json\/wp\/v2\/product_tag?post=146"}],"curies":[{"name":"wp","href":"https:\/\/api.w.org\/{rel}","templated":true}]}}