{"id":80,"date":"2023-08-17T09:35:01","date_gmt":"2023-08-17T09:35:01","guid":{"rendered":"https:\/\/processation.com\/?post_type=product&#038;p=80"},"modified":"2023-08-26T10:59:17","modified_gmt":"2023-08-26T10:59:17","slug":"detector-de-un-gas-atex","status":"publish","type":"product","link":"https:\/\/processation.com\/es\/producto\/detector-de-un-gas-atex\/","title":{"rendered":"Detector de Un Gas &#8211; ATEX"},"content":{"rendered":"","protected":false},"excerpt":{"rendered":"<ul class=\"my-7\">\n<li>\n<div><b>Modelo: BX-171\u00a0<\/b><\/div>\n<div><\/div>\n<div>&#8211; Detecci\u00f3n de, Ox\u00edgeno (O2), Sulfuro de Hidr\u00f3geno (H2S) o Mon\u00f3xido de Carbono (CO)<\/div>\n<div>&#8211; Display LCD retroiluminado.<\/div>\n<div>\n<p>&#8211; Alarmas Visuales, Audibles y por Vibraci\u00f3n<\/p>\n<div>&#8211; Certificaci\u00f3n ATEX para \u00e1reas explosivas &#8211; Seguridad Intr\u00ednseca &#8211; IP 66<\/div>\n<div>&#8211; Bater\u00eda fija de larga duraci\u00f3n mayor a 6000 horas &#8211; No requiere Cargador<\/div>\n<div>&#8211; Vida Estimada de los sensores (Garantizado 2 a\u00f1os &#8211; En condiciones normales hasta 5 a\u00f1os)<\/div>\n<div>&#8211; Bater\u00eda y sensores reemplazables<\/div>\n<\/div>\n<div>\n<div>&#8211; Alarmas por alto o bajo nivel &#8211; TWA y STEL<\/div>\n<\/div>\n<div>&#8211; Registro de 30 Eventos Transferibles a PC por puerto IR<\/div>\n<div>\n<div>\n<div>&#8211; Alerta de Bater\u00eda Baja<\/div>\n<div>&#8211; Menor costo del mercado para un equipo certificado ATEX con reporte de test de equipo en agencia ATEX<\/div>\n<\/div>\n<\/div>\n<div>&#8211; Cubierta de Goma Antideslizante para protecci\u00f3n de ca\u00eddas accidentales<\/div>\n<\/li>\n<\/ul>\n<p id=\"simple-download-counter-157\" class=\"simple-download-counter\"><form method=\"get\" action=\"https:\/\/processation.com\/es\/sdc_download\/157\/?key=djvd1a1tzwb6vqp6nv7qjt6nbr6xmj\" class=\"simple-download-counter-button\" style=\"display:inline-block;\"><input type=\"hidden\" name=\"key\" value=\"djvd1a1tzwb6vqp6nv7qjt6nbr6xmj\"><button type=\"submit\" title=\"190 downloads\">Caracter\u00edsticas T\u00e9cnicas<\/button><\/form><\/p>\n","protected":false},"featured_media":81,"template":"","meta":{"_et_pb_use_builder":"","_et_pb_old_content":"","_et_gb_content_width":""},"product_brand":[],"product_cat":[16],"product_tag":[23,22,17,19],"class_list":{"0":"post-80","1":"product","2":"type-product","3":"status-publish","4":"has-post-thumbnail","6":"product_cat-deteccion-de-gases","7":"product_tag-23","8":"product_tag-bx","9":"product_tag-detector","10":"product_tag-gas","12":"first","13":"instock","14":"product-type-simple"},"yoast_head":"<!-- This site is optimized with the Yoast SEO plugin v25.6 - https:\/\/yoast.com\/wordpress\/plugins\/seo\/ -->\n<title>Detector de Un Gas - ATEX - PROCESSATION.COM<\/title>\n<meta name=\"robots\" content=\"index, follow, max-snippet:-1, max-image-preview:large, max-video-preview:-1\" \/>\n<link rel=\"canonical\" href=\"https:\/\/processation.com\/es\/producto\/detector-de-un-gas-atex\/\" \/>\n<meta property=\"og:locale\" content=\"es_ES\" \/>\n<meta property=\"og:type\" content=\"article\" \/>\n<meta property=\"og:title\" content=\"Detector de Un Gas - ATEX - PROCESSATION.COM\" \/>\n<meta property=\"og:description\" content=\"Modelo: BX-171\u00a0  - Detecci\u00f3n de, Ox\u00edgeno (O2), Sulfuro de Hidr\u00f3geno (H2S) o Mon\u00f3xido de Carbono (CO) - Display LCD retroiluminado.   - Alarmas Visuales, Audibles y por Vibraci\u00f3n - Certificaci\u00f3n ATEX para \u00e1reas explosivas - Seguridad Intr\u00ednseca - IP 66 - Bater\u00eda fija de larga duraci\u00f3n mayor a 6000 horas - No requiere Cargador - Vida Estimada de los sensores (Garantizado 2 a\u00f1os - En condiciones normales hasta 5 a\u00f1os) - Bater\u00eda y sensores reemplazables   - Alarmas por alto o bajo nivel - TWA y STEL  - Registro de 30 Eventos Transferibles a PC por puerto IR   - Alerta de Bater\u00eda Baja - Menor costo del mercado para un equipo certificado ATEX con reporte de test de equipo en agencia ATEX   - Cubierta de Goma Antideslizante para protecci\u00f3n de ca\u00eddas accidentales\" \/>\n<meta property=\"og:url\" content=\"https:\/\/processation.com\/es\/producto\/detector-de-un-gas-atex\/\" \/>\n<meta property=\"og:site_name\" content=\"PROCESSATION.COM\" \/>\n<meta property=\"article:modified_time\" content=\"2023-08-26T10:59:17+00:00\" \/>\n<meta property=\"og:image\" content=\"https:\/\/processation.com\/wp-content\/uploads\/2023\/08\/BX171.png\" \/>\n\t<meta property=\"og:image:width\" content=\"350\" \/>\n\t<meta property=\"og:image:height\" content=\"350\" \/>\n\t<meta property=\"og:image:type\" content=\"image\/png\" \/>\n<meta name=\"twitter:card\" content=\"summary_large_image\" \/>\n<script type=\"application\/ld+json\" class=\"yoast-schema-graph\">{\"@context\":\"https:\/\/schema.org\",\"@graph\":[{\"@type\":\"WebPage\",\"@id\":\"https:\/\/processation.com\/es\/producto\/detector-de-un-gas-atex\/\",\"url\":\"https:\/\/processation.com\/es\/producto\/detector-de-un-gas-atex\/\",\"name\":\"Detector de Un Gas - ATEX - PROCESSATION.COM\",\"isPartOf\":{\"@id\":\"https:\/\/processation.com\/es\/#website\"},\"primaryImageOfPage\":{\"@id\":\"https:\/\/processation.com\/es\/producto\/detector-de-un-gas-atex\/#primaryimage\"},\"image\":{\"@id\":\"https:\/\/processation.com\/es\/producto\/detector-de-un-gas-atex\/#primaryimage\"},\"thumbnailUrl\":\"https:\/\/processation.com\/wp-content\/uploads\/2023\/08\/BX171.png\",\"datePublished\":\"2023-08-17T09:35:01+00:00\",\"dateModified\":\"2023-08-26T10:59:17+00:00\",\"breadcrumb\":{\"@id\":\"https:\/\/processation.com\/es\/producto\/detector-de-un-gas-atex\/#breadcrumb\"},\"inLanguage\":\"es\",\"potentialAction\":[{\"@type\":\"ReadAction\",\"target\":[\"https:\/\/processation.com\/es\/producto\/detector-de-un-gas-atex\/\"]}]},{\"@type\":\"ImageObject\",\"inLanguage\":\"es\",\"@id\":\"https:\/\/processation.com\/es\/producto\/detector-de-un-gas-atex\/#primaryimage\",\"url\":\"https:\/\/processation.com\/wp-content\/uploads\/2023\/08\/BX171.png\",\"contentUrl\":\"https:\/\/processation.com\/wp-content\/uploads\/2023\/08\/BX171.png\",\"width\":350,\"height\":350},{\"@type\":\"BreadcrumbList\",\"@id\":\"https:\/\/processation.com\/es\/producto\/detector-de-un-gas-atex\/#breadcrumb\",\"itemListElement\":[{\"@type\":\"ListItem\",\"position\":1,\"name\":\"Portada\",\"item\":\"https:\/\/processation.com\/es\/\"},{\"@type\":\"ListItem\",\"position\":2,\"name\":\"Productos\",\"item\":\"https:\/\/processation.com\/productos\/\"},{\"@type\":\"ListItem\",\"position\":3,\"name\":\"Detector de Un Gas &#8211; ATEX\"}]},{\"@type\":\"WebSite\",\"@id\":\"https:\/\/processation.com\/es\/#website\",\"url\":\"https:\/\/processation.com\/es\/\",\"name\":\"PROCESSATION.COM\",\"description\":\"Especialistas en Instrumentaci\u00f3n y Automatizaci\u00f3n Industrial.\",\"publisher\":{\"@id\":\"https:\/\/processation.com\/es\/#organization\"},\"potentialAction\":[{\"@type\":\"SearchAction\",\"target\":{\"@type\":\"EntryPoint\",\"urlTemplate\":\"https:\/\/processation.com\/es\/?s={search_term_string}\"},\"query-input\":{\"@type\":\"PropertyValueSpecification\",\"valueRequired\":true,\"valueName\":\"search_term_string\"}}],\"inLanguage\":\"es\"},{\"@type\":\"Organization\",\"@id\":\"https:\/\/processation.com\/es\/#organization\",\"name\":\"PROCESSATION.COM\",\"url\":\"https:\/\/processation.com\/es\/\",\"logo\":{\"@type\":\"ImageObject\",\"inLanguage\":\"es\",\"@id\":\"https:\/\/processation.com\/es\/#\/schema\/logo\/image\/\",\"url\":\"https:\/\/processation.com\/wp-content\/uploads\/2023\/07\/PROCESSATION_LOGO.png\",\"contentUrl\":\"https:\/\/processation.com\/wp-content\/uploads\/2023\/07\/PROCESSATION_LOGO.png\",\"width\":1513,\"height\":360,\"caption\":\"PROCESSATION.COM\"},\"image\":{\"@id\":\"https:\/\/processation.com\/es\/#\/schema\/logo\/image\/\"}}]}<\/script>\n<!-- \/ Yoast SEO plugin. -->","yoast_head_json":{"title":"Detector de Un Gas - ATEX - PROCESSATION.COM","robots":{"index":"index","follow":"follow","max-snippet":"max-snippet:-1","max-image-preview":"max-image-preview:large","max-video-preview":"max-video-preview:-1"},"canonical":"https:\/\/processation.com\/es\/producto\/detector-de-un-gas-atex\/","og_locale":"es_ES","og_type":"article","og_title":"Detector de Un Gas - ATEX - PROCESSATION.COM","og_description":"Modelo: BX-171\u00a0  - Detecci\u00f3n de, Ox\u00edgeno (O2), Sulfuro de Hidr\u00f3geno (H2S) o Mon\u00f3xido de Carbono (CO) - Display LCD retroiluminado.   - Alarmas Visuales, Audibles y por Vibraci\u00f3n - Certificaci\u00f3n ATEX para \u00e1reas explosivas - Seguridad Intr\u00ednseca - IP 66 - Bater\u00eda fija de larga duraci\u00f3n mayor a 6000 horas - No requiere Cargador - Vida Estimada de los sensores (Garantizado 2 a\u00f1os - En condiciones normales hasta 5 a\u00f1os) - Bater\u00eda y sensores reemplazables   - Alarmas por alto o bajo nivel - TWA y STEL  - Registro de 30 Eventos Transferibles a PC por puerto IR   - Alerta de Bater\u00eda Baja - Menor costo del mercado para un equipo certificado ATEX con reporte de test de equipo en agencia ATEX   - Cubierta de Goma Antideslizante para protecci\u00f3n de ca\u00eddas accidentales","og_url":"https:\/\/processation.com\/es\/producto\/detector-de-un-gas-atex\/","og_site_name":"PROCESSATION.COM","article_modified_time":"2023-08-26T10:59:17+00:00","og_image":[{"width":350,"height":350,"url":"https:\/\/processation.com\/wp-content\/uploads\/2023\/08\/BX171.png","type":"image\/png"}],"twitter_card":"summary_large_image","schema":{"@context":"https:\/\/schema.org","@graph":[{"@type":"WebPage","@id":"https:\/\/processation.com\/es\/producto\/detector-de-un-gas-atex\/","url":"https:\/\/processation.com\/es\/producto\/detector-de-un-gas-atex\/","name":"Detector de Un Gas - ATEX - PROCESSATION.COM","isPartOf":{"@id":"https:\/\/processation.com\/es\/#website"},"primaryImageOfPage":{"@id":"https:\/\/processation.com\/es\/producto\/detector-de-un-gas-atex\/#primaryimage"},"image":{"@id":"https:\/\/processation.com\/es\/producto\/detector-de-un-gas-atex\/#primaryimage"},"thumbnailUrl":"https:\/\/processation.com\/wp-content\/uploads\/2023\/08\/BX171.png","datePublished":"2023-08-17T09:35:01+00:00","dateModified":"2023-08-26T10:59:17+00:00","breadcrumb":{"@id":"https:\/\/processation.com\/es\/producto\/detector-de-un-gas-atex\/#breadcrumb"},"inLanguage":"es","potentialAction":[{"@type":"ReadAction","target":["https:\/\/processation.com\/es\/producto\/detector-de-un-gas-atex\/"]}]},{"@type":"ImageObject","inLanguage":"es","@id":"https:\/\/processation.com\/es\/producto\/detector-de-un-gas-atex\/#primaryimage","url":"https:\/\/processation.com\/wp-content\/uploads\/2023\/08\/BX171.png","contentUrl":"https:\/\/processation.com\/wp-content\/uploads\/2023\/08\/BX171.png","width":350,"height":350},{"@type":"BreadcrumbList","@id":"https:\/\/processation.com\/es\/producto\/detector-de-un-gas-atex\/#breadcrumb","itemListElement":[{"@type":"ListItem","position":1,"name":"Portada","item":"https:\/\/processation.com\/es\/"},{"@type":"ListItem","position":2,"name":"Productos","item":"https:\/\/processation.com\/productos\/"},{"@type":"ListItem","position":3,"name":"Detector de Un Gas &#8211; ATEX"}]},{"@type":"WebSite","@id":"https:\/\/processation.com\/es\/#website","url":"https:\/\/processation.com\/es\/","name":"PROCESSATION.COM","description":"Especialistas en Instrumentaci\u00f3n y Automatizaci\u00f3n Industrial.","publisher":{"@id":"https:\/\/processation.com\/es\/#organization"},"potentialAction":[{"@type":"SearchAction","target":{"@type":"EntryPoint","urlTemplate":"https:\/\/processation.com\/es\/?s={search_term_string}"},"query-input":{"@type":"PropertyValueSpecification","valueRequired":true,"valueName":"search_term_string"}}],"inLanguage":"es"},{"@type":"Organization","@id":"https:\/\/processation.com\/es\/#organization","name":"PROCESSATION.COM","url":"https:\/\/processation.com\/es\/","logo":{"@type":"ImageObject","inLanguage":"es","@id":"https:\/\/processation.com\/es\/#\/schema\/logo\/image\/","url":"https:\/\/processation.com\/wp-content\/uploads\/2023\/07\/PROCESSATION_LOGO.png","contentUrl":"https:\/\/processation.com\/wp-content\/uploads\/2023\/07\/PROCESSATION_LOGO.png","width":1513,"height":360,"caption":"PROCESSATION.COM"},"image":{"@id":"https:\/\/processation.com\/es\/#\/schema\/logo\/image\/"}}]}},"_links":{"self":[{"href":"https:\/\/processation.com\/es\/wp-json\/wp\/v2\/product\/80","targetHints":{"allow":["GET"]}}],"collection":[{"href":"https:\/\/processation.com\/es\/wp-json\/wp\/v2\/product"}],"about":[{"href":"https:\/\/processation.com\/es\/wp-json\/wp\/v2\/types\/product"}],"wp:featuredmedia":[{"embeddable":true,"href":"https:\/\/processation.com\/es\/wp-json\/wp\/v2\/media\/81"}],"wp:attachment":[{"href":"https:\/\/processation.com\/es\/wp-json\/wp\/v2\/media?parent=80"}],"wp:term":[{"taxonomy":"product_brand","embeddable":true,"href":"https:\/\/processation.com\/es\/wp-json\/wp\/v2\/product_brand?post=80"},{"taxonomy":"product_cat","embeddable":true,"href":"https:\/\/processation.com\/es\/wp-json\/wp\/v2\/product_cat?post=80"},{"taxonomy":"product_tag","embeddable":true,"href":"https:\/\/processation.com\/es\/wp-json\/wp\/v2\/product_tag?post=80"}],"curies":[{"name":"wp","href":"https:\/\/api.w.org\/{rel}","templated":true}]}}