{"id":919,"date":"2023-09-28T11:46:41","date_gmt":"2023-09-28T11:46:41","guid":{"rendered":"https:\/\/processation.com\/producto\/fd10-ir3-detector-de-llama-ir-triple\/"},"modified":"2023-11-18T04:38:57","modified_gmt":"2023-11-18T04:38:57","slug":"fd10-ir3-triple-ir-detector-de-llamas","status":"publish","type":"product","link":"https:\/\/processation.com\/es\/producto\/fd10-ir3-triple-ir-detector-de-llamas\/","title":{"rendered":"FD10-IR3 Detector de llama IR triple"},"content":{"rendered":"","protected":false},"excerpt":{"rendered":"<h2>El detector de llama IR triple FD10-IR3 es un nuevo tipo de<br \/>\nequipos inteligentes de detecci\u00f3n de incendios.<\/h2>\n<p>Los detectores utilizan 3 sensores infrarrojos con diferentes longitudes de onda de banda estrecha<br \/>\nfiltrado. Un sensor se utiliza para reflejar la longitud de onda central de la informaci\u00f3n de la llama. Los otros dos sensores<br \/>\nse utiliza para controlar otras radiaciones infrarrojas del entorno. En combinaci\u00f3n con las caracter\u00edsticas de parpadeo de la llama,<br \/>\nanalizando mediante microprocesadores de alta velocidad y calculando mediante algoritmos matem\u00e1ticos, el espectro de radiaci\u00f3n con<br \/>\ncaracter\u00edsticas de la llama se confirma como una alarma de incendio.<br \/>\nEl detector suprime la interferencia de la luz solar, rayos, soldadura el\u00e9ctrica, radiaci\u00f3n t\u00e9rmica, electromagn\u00e9tica<br \/>\ninterferencia, vibraci\u00f3n mec\u00e1nica y otras interferencias, logrando as\u00ed una respuesta r\u00e1pida y una identificaci\u00f3n precisa de<br \/>\nla se\u00f1al de llama.<\/p>\n<p id=\"simple-download-counter-915\" class=\"simple-download-counter\"><form method=\"get\" action=\"https:\/\/processation.com\/es\/sdc_download\/915\/?key=u0dxkw60bow3e6zpbp8pebjxjjli48\" class=\"simple-download-counter-button\" style=\"display:inline-block;\"><input type=\"hidden\" name=\"key\" value=\"u0dxkw60bow3e6zpbp8pebjxjjli48\"><button type=\"submit\" title=\"247 downloads\">Caracter\u00edsticas t\u00e9cnicas<\/button><\/form><\/p>\n","protected":false},"featured_media":914,"template":"","meta":{"_et_pb_use_builder":"","_et_pb_old_content":"","_et_gb_content_width":""},"product_brand":[],"product_cat":[15],"product_tag":[],"class_list":{"0":"post-919","1":"product","2":"type-product","3":"status-publish","4":"has-post-thumbnail","6":"product_cat-sin-categorizar","8":"first","9":"instock","10":"taxable","11":"shipping-taxable","12":"product-type-simple"},"yoast_head":"<!-- This site is optimized with the Yoast SEO plugin v25.6 - https:\/\/yoast.com\/wordpress\/plugins\/seo\/ -->\n<title>FD10-IR3 Detector de llama IR triple - PROCESSATION.COM<\/title>\n<meta name=\"robots\" content=\"index, follow, max-snippet:-1, max-image-preview:large, max-video-preview:-1\" \/>\n<link rel=\"canonical\" href=\"https:\/\/processation.com\/es\/producto\/fd10-ir3-triple-ir-detector-de-llamas\/\" \/>\n<meta property=\"og:locale\" content=\"es_ES\" \/>\n<meta property=\"og:type\" content=\"article\" \/>\n<meta property=\"og:title\" content=\"FD10-IR3 Detector de llama IR triple - PROCESSATION.COM\" \/>\n<meta property=\"og:description\" content=\"El detector de llama IR triple FD10-IR3 es un nuevo tipo de equipos inteligentes de detecci\u00f3n de incendios. Los detectores utilizan 3 sensores infrarrojos con diferentes longitudes de onda de banda estrecha filtrado. Un sensor se utiliza para reflejar la longitud de onda central de la informaci\u00f3n de la llama. Los otros dos sensores se utiliza para controlar otras radiaciones infrarrojas del entorno. En combinaci\u00f3n con las caracter\u00edsticas de parpadeo de la llama, analizando mediante microprocesadores de alta velocidad y calculando mediante algoritmos matem\u00e1ticos, el espectro de radiaci\u00f3n con caracter\u00edsticas de la llama se confirma como una alarma de incendio. El detector suprime la interferencia de la luz solar, rayos, soldadura el\u00e9ctrica, radiaci\u00f3n t\u00e9rmica, electromagn\u00e9tica interferencia, vibraci\u00f3n mec\u00e1nica y otras interferencias, logrando as\u00ed una respuesta r\u00e1pida y una identificaci\u00f3n precisa de la se\u00f1al de llama.\" \/>\n<meta property=\"og:url\" content=\"https:\/\/processation.com\/es\/producto\/fd10-ir3-triple-ir-detector-de-llamas\/\" \/>\n<meta property=\"og:site_name\" content=\"PROCESSATION.COM\" \/>\n<meta property=\"article:modified_time\" content=\"2023-11-18T04:38:57+00:00\" \/>\n<meta property=\"og:image\" content=\"https:\/\/processation.com\/wp-content\/uploads\/2023\/09\/FD10-IR3-bla.png\" \/>\n\t<meta property=\"og:image:width\" content=\"350\" \/>\n\t<meta property=\"og:image:height\" content=\"350\" \/>\n\t<meta property=\"og:image:type\" content=\"image\/png\" \/>\n<meta name=\"twitter:card\" content=\"summary_large_image\" \/>\n<script type=\"application\/ld+json\" class=\"yoast-schema-graph\">{\"@context\":\"https:\/\/schema.org\",\"@graph\":[{\"@type\":\"WebPage\",\"@id\":\"https:\/\/processation.com\/es\/producto\/fd10-ir3-triple-ir-detector-de-llamas\/\",\"url\":\"https:\/\/processation.com\/es\/producto\/fd10-ir3-triple-ir-detector-de-llamas\/\",\"name\":\"FD10-IR3 Detector de llama IR triple - PROCESSATION.COM\",\"isPartOf\":{\"@id\":\"https:\/\/processation.com\/es\/#website\"},\"primaryImageOfPage\":{\"@id\":\"https:\/\/processation.com\/es\/producto\/fd10-ir3-triple-ir-detector-de-llamas\/#primaryimage\"},\"image\":{\"@id\":\"https:\/\/processation.com\/es\/producto\/fd10-ir3-triple-ir-detector-de-llamas\/#primaryimage\"},\"thumbnailUrl\":\"https:\/\/processation.com\/wp-content\/uploads\/2023\/09\/FD10-IR3-bla.png\",\"datePublished\":\"2023-09-28T11:46:41+00:00\",\"dateModified\":\"2023-11-18T04:38:57+00:00\",\"breadcrumb\":{\"@id\":\"https:\/\/processation.com\/es\/producto\/fd10-ir3-triple-ir-detector-de-llamas\/#breadcrumb\"},\"inLanguage\":\"es\",\"potentialAction\":[{\"@type\":\"ReadAction\",\"target\":[\"https:\/\/processation.com\/es\/producto\/fd10-ir3-triple-ir-detector-de-llamas\/\"]}]},{\"@type\":\"ImageObject\",\"inLanguage\":\"es\",\"@id\":\"https:\/\/processation.com\/es\/producto\/fd10-ir3-triple-ir-detector-de-llamas\/#primaryimage\",\"url\":\"https:\/\/processation.com\/wp-content\/uploads\/2023\/09\/FD10-IR3-bla.png\",\"contentUrl\":\"https:\/\/processation.com\/wp-content\/uploads\/2023\/09\/FD10-IR3-bla.png\",\"width\":350,\"height\":350},{\"@type\":\"BreadcrumbList\",\"@id\":\"https:\/\/processation.com\/es\/producto\/fd10-ir3-triple-ir-detector-de-llamas\/#breadcrumb\",\"itemListElement\":[{\"@type\":\"ListItem\",\"position\":1,\"name\":\"Portada\",\"item\":\"https:\/\/processation.com\/es\/\"},{\"@type\":\"ListItem\",\"position\":2,\"name\":\"Productos\",\"item\":\"https:\/\/processation.com\/productos\/\"},{\"@type\":\"ListItem\",\"position\":3,\"name\":\"FD10-IR3 Detector de llama IR triple\"}]},{\"@type\":\"WebSite\",\"@id\":\"https:\/\/processation.com\/es\/#website\",\"url\":\"https:\/\/processation.com\/es\/\",\"name\":\"PROCESSATION.COM\",\"description\":\"Especialistas en Instrumentaci\u00f3n y Automatizaci\u00f3n Industrial.\",\"publisher\":{\"@id\":\"https:\/\/processation.com\/es\/#organization\"},\"potentialAction\":[{\"@type\":\"SearchAction\",\"target\":{\"@type\":\"EntryPoint\",\"urlTemplate\":\"https:\/\/processation.com\/es\/?s={search_term_string}\"},\"query-input\":{\"@type\":\"PropertyValueSpecification\",\"valueRequired\":true,\"valueName\":\"search_term_string\"}}],\"inLanguage\":\"es\"},{\"@type\":\"Organization\",\"@id\":\"https:\/\/processation.com\/es\/#organization\",\"name\":\"PROCESSATION.COM\",\"url\":\"https:\/\/processation.com\/es\/\",\"logo\":{\"@type\":\"ImageObject\",\"inLanguage\":\"es\",\"@id\":\"https:\/\/processation.com\/es\/#\/schema\/logo\/image\/\",\"url\":\"https:\/\/processation.com\/wp-content\/uploads\/2023\/07\/PROCESSATION_LOGO.png\",\"contentUrl\":\"https:\/\/processation.com\/wp-content\/uploads\/2023\/07\/PROCESSATION_LOGO.png\",\"width\":1513,\"height\":360,\"caption\":\"PROCESSATION.COM\"},\"image\":{\"@id\":\"https:\/\/processation.com\/es\/#\/schema\/logo\/image\/\"}}]}<\/script>\n<!-- \/ Yoast SEO plugin. -->","yoast_head_json":{"title":"FD10-IR3 Detector de llama IR triple - PROCESSATION.COM","robots":{"index":"index","follow":"follow","max-snippet":"max-snippet:-1","max-image-preview":"max-image-preview:large","max-video-preview":"max-video-preview:-1"},"canonical":"https:\/\/processation.com\/es\/producto\/fd10-ir3-triple-ir-detector-de-llamas\/","og_locale":"es_ES","og_type":"article","og_title":"FD10-IR3 Detector de llama IR triple - PROCESSATION.COM","og_description":"El detector de llama IR triple FD10-IR3 es un nuevo tipo de equipos inteligentes de detecci\u00f3n de incendios. Los detectores utilizan 3 sensores infrarrojos con diferentes longitudes de onda de banda estrecha filtrado. Un sensor se utiliza para reflejar la longitud de onda central de la informaci\u00f3n de la llama. Los otros dos sensores se utiliza para controlar otras radiaciones infrarrojas del entorno. En combinaci\u00f3n con las caracter\u00edsticas de parpadeo de la llama, analizando mediante microprocesadores de alta velocidad y calculando mediante algoritmos matem\u00e1ticos, el espectro de radiaci\u00f3n con caracter\u00edsticas de la llama se confirma como una alarma de incendio. El detector suprime la interferencia de la luz solar, rayos, soldadura el\u00e9ctrica, radiaci\u00f3n t\u00e9rmica, electromagn\u00e9tica interferencia, vibraci\u00f3n mec\u00e1nica y otras interferencias, logrando as\u00ed una respuesta r\u00e1pida y una identificaci\u00f3n precisa de la se\u00f1al de llama.","og_url":"https:\/\/processation.com\/es\/producto\/fd10-ir3-triple-ir-detector-de-llamas\/","og_site_name":"PROCESSATION.COM","article_modified_time":"2023-11-18T04:38:57+00:00","og_image":[{"width":350,"height":350,"url":"https:\/\/processation.com\/wp-content\/uploads\/2023\/09\/FD10-IR3-bla.png","type":"image\/png"}],"twitter_card":"summary_large_image","schema":{"@context":"https:\/\/schema.org","@graph":[{"@type":"WebPage","@id":"https:\/\/processation.com\/es\/producto\/fd10-ir3-triple-ir-detector-de-llamas\/","url":"https:\/\/processation.com\/es\/producto\/fd10-ir3-triple-ir-detector-de-llamas\/","name":"FD10-IR3 Detector de llama IR triple - PROCESSATION.COM","isPartOf":{"@id":"https:\/\/processation.com\/es\/#website"},"primaryImageOfPage":{"@id":"https:\/\/processation.com\/es\/producto\/fd10-ir3-triple-ir-detector-de-llamas\/#primaryimage"},"image":{"@id":"https:\/\/processation.com\/es\/producto\/fd10-ir3-triple-ir-detector-de-llamas\/#primaryimage"},"thumbnailUrl":"https:\/\/processation.com\/wp-content\/uploads\/2023\/09\/FD10-IR3-bla.png","datePublished":"2023-09-28T11:46:41+00:00","dateModified":"2023-11-18T04:38:57+00:00","breadcrumb":{"@id":"https:\/\/processation.com\/es\/producto\/fd10-ir3-triple-ir-detector-de-llamas\/#breadcrumb"},"inLanguage":"es","potentialAction":[{"@type":"ReadAction","target":["https:\/\/processation.com\/es\/producto\/fd10-ir3-triple-ir-detector-de-llamas\/"]}]},{"@type":"ImageObject","inLanguage":"es","@id":"https:\/\/processation.com\/es\/producto\/fd10-ir3-triple-ir-detector-de-llamas\/#primaryimage","url":"https:\/\/processation.com\/wp-content\/uploads\/2023\/09\/FD10-IR3-bla.png","contentUrl":"https:\/\/processation.com\/wp-content\/uploads\/2023\/09\/FD10-IR3-bla.png","width":350,"height":350},{"@type":"BreadcrumbList","@id":"https:\/\/processation.com\/es\/producto\/fd10-ir3-triple-ir-detector-de-llamas\/#breadcrumb","itemListElement":[{"@type":"ListItem","position":1,"name":"Portada","item":"https:\/\/processation.com\/es\/"},{"@type":"ListItem","position":2,"name":"Productos","item":"https:\/\/processation.com\/productos\/"},{"@type":"ListItem","position":3,"name":"FD10-IR3 Detector de llama IR triple"}]},{"@type":"WebSite","@id":"https:\/\/processation.com\/es\/#website","url":"https:\/\/processation.com\/es\/","name":"PROCESSATION.COM","description":"Especialistas en Instrumentaci\u00f3n y Automatizaci\u00f3n Industrial.","publisher":{"@id":"https:\/\/processation.com\/es\/#organization"},"potentialAction":[{"@type":"SearchAction","target":{"@type":"EntryPoint","urlTemplate":"https:\/\/processation.com\/es\/?s={search_term_string}"},"query-input":{"@type":"PropertyValueSpecification","valueRequired":true,"valueName":"search_term_string"}}],"inLanguage":"es"},{"@type":"Organization","@id":"https:\/\/processation.com\/es\/#organization","name":"PROCESSATION.COM","url":"https:\/\/processation.com\/es\/","logo":{"@type":"ImageObject","inLanguage":"es","@id":"https:\/\/processation.com\/es\/#\/schema\/logo\/image\/","url":"https:\/\/processation.com\/wp-content\/uploads\/2023\/07\/PROCESSATION_LOGO.png","contentUrl":"https:\/\/processation.com\/wp-content\/uploads\/2023\/07\/PROCESSATION_LOGO.png","width":1513,"height":360,"caption":"PROCESSATION.COM"},"image":{"@id":"https:\/\/processation.com\/es\/#\/schema\/logo\/image\/"}}]}},"_links":{"self":[{"href":"https:\/\/processation.com\/es\/wp-json\/wp\/v2\/product\/919","targetHints":{"allow":["GET"]}}],"collection":[{"href":"https:\/\/processation.com\/es\/wp-json\/wp\/v2\/product"}],"about":[{"href":"https:\/\/processation.com\/es\/wp-json\/wp\/v2\/types\/product"}],"wp:featuredmedia":[{"embeddable":true,"href":"https:\/\/processation.com\/es\/wp-json\/wp\/v2\/media\/914"}],"wp:attachment":[{"href":"https:\/\/processation.com\/es\/wp-json\/wp\/v2\/media?parent=919"}],"wp:term":[{"taxonomy":"product_brand","embeddable":true,"href":"https:\/\/processation.com\/es\/wp-json\/wp\/v2\/product_brand?post=919"},{"taxonomy":"product_cat","embeddable":true,"href":"https:\/\/processation.com\/es\/wp-json\/wp\/v2\/product_cat?post=919"},{"taxonomy":"product_tag","embeddable":true,"href":"https:\/\/processation.com\/es\/wp-json\/wp\/v2\/product_tag?post=919"}],"curies":[{"name":"wp","href":"https:\/\/api.w.org\/{rel}","templated":true}]}}