{"id":970,"date":"2023-10-09T16:24:12","date_gmt":"2023-10-09T16:24:12","guid":{"rendered":"https:\/\/processation.com\/?post_type=product&#038;p=970"},"modified":"2023-10-09T16:47:01","modified_gmt":"2023-10-09T16:47:01","slug":"analizador-de-punto-de-rocio-de-hidrocarburo-cdp301","status":"publish","type":"product","link":"https:\/\/processation.com\/es\/producto\/analizador-de-punto-de-rocio-de-hidrocarburo-cdp301\/","title":{"rendered":"Analizador de Punto de Roc\u00edo de Hidrocarburo &#8211; CDP301"},"content":{"rendered":"","protected":false},"excerpt":{"rendered":"<p>Modelo: CDP301<\/p>\n<ul>\n<li>Analizador Portatil de punto de Rocio para gas natural<\/li>\n<li>Tecnolog\u00eda de espejo enfriado<\/li>\n<li>Display LCD color de Alta Definici\u00f3n<\/li>\n<\/ul>\n<p id=\"simple-download-counter-975\" class=\"simple-download-counter\"><form method=\"get\" action=\"https:\/\/processation.com\/es\/sdc_download\/975\/?key=vcjseypv5970jbb3ric44tz4br99vt\" class=\"simple-download-counter-button\" style=\"display:inline-block;\"><input type=\"hidden\" name=\"key\" value=\"vcjseypv5970jbb3ric44tz4br99vt\"><button type=\"submit\" title=\"198 downloads\">Caracter\u00edsticas del producto<\/button><\/form><\/p>\n","protected":false},"featured_media":971,"template":"","meta":{"_et_pb_use_builder":"","_et_pb_old_content":"","_et_gb_content_width":""},"product_brand":[],"product_cat":[53,54,62,64],"product_tag":[29,172,169,171,170],"class_list":{"0":"post-970","1":"product","2":"type-product","3":"status-publish","4":"has-post-thumbnail","6":"product_cat-analisis-de-gases","7":"product_cat-medicion-de-humedad-y-punto-de-rocio","8":"product_cat-oil-gas","9":"product_cat-quimica","10":"product_tag-analizador","11":"product_tag-hidrocarburo","12":"product_tag-humedad","13":"product_tag-portatil","14":"product_tag-rocio","16":"first","17":"instock","18":"taxable","19":"shipping-taxable","20":"product-type-simple"},"yoast_head":"<!-- This site is optimized with the Yoast SEO plugin v25.6 - https:\/\/yoast.com\/wordpress\/plugins\/seo\/ -->\n<title>Analizador de Punto de Roc\u00edo de Hidrocarburo - CDP301 - PROCESSATION.COM<\/title>\n<meta name=\"description\" content=\"Analizador portable de punto de roc\u00edo de hidrocarburos modelo CDP-301 - Michell Instruments Ltd. Tecnolog\u00eda de espejo enfriado. Pantalla LCD Color.\" \/>\n<meta name=\"robots\" content=\"index, follow, max-snippet:-1, max-image-preview:large, max-video-preview:-1\" \/>\n<link rel=\"canonical\" href=\"https:\/\/processation.com\/es\/producto\/analizador-de-punto-de-rocio-de-hidrocarburo-cdp301\/\" \/>\n<meta property=\"og:locale\" content=\"es_ES\" \/>\n<meta property=\"og:type\" content=\"article\" \/>\n<meta property=\"og:title\" content=\"Analizador de Punto de Roc\u00edo de Hidrocarburo - CDP301 - PROCESSATION.COM\" \/>\n<meta property=\"og:description\" content=\"Analizador portable de punto de roc\u00edo de hidrocarburos modelo CDP-301 - Michell Instruments Ltd. Tecnolog\u00eda de espejo enfriado. Pantalla LCD Color.\" \/>\n<meta property=\"og:url\" content=\"https:\/\/processation.com\/es\/producto\/analizador-de-punto-de-rocio-de-hidrocarburo-cdp301\/\" \/>\n<meta property=\"og:site_name\" content=\"PROCESSATION.COM\" \/>\n<meta property=\"article:modified_time\" content=\"2023-10-09T16:47:01+00:00\" \/>\n<meta property=\"og:image\" content=\"https:\/\/processation.com\/wp-content\/uploads\/2023\/10\/CDP-301.jpg\" \/>\n\t<meta property=\"og:image:width\" content=\"500\" \/>\n\t<meta property=\"og:image:height\" content=\"500\" \/>\n\t<meta property=\"og:image:type\" content=\"image\/jpeg\" \/>\n<meta name=\"twitter:card\" content=\"summary_large_image\" \/>\n<script type=\"application\/ld+json\" class=\"yoast-schema-graph\">{\"@context\":\"https:\/\/schema.org\",\"@graph\":[{\"@type\":\"WebPage\",\"@id\":\"https:\/\/processation.com\/es\/producto\/analizador-de-punto-de-rocio-de-hidrocarburo-cdp301\/\",\"url\":\"https:\/\/processation.com\/es\/producto\/analizador-de-punto-de-rocio-de-hidrocarburo-cdp301\/\",\"name\":\"Analizador de Punto de Roc\u00edo de Hidrocarburo - CDP301 - PROCESSATION.COM\",\"isPartOf\":{\"@id\":\"https:\/\/processation.com\/es\/#website\"},\"primaryImageOfPage\":{\"@id\":\"https:\/\/processation.com\/es\/producto\/analizador-de-punto-de-rocio-de-hidrocarburo-cdp301\/#primaryimage\"},\"image\":{\"@id\":\"https:\/\/processation.com\/es\/producto\/analizador-de-punto-de-rocio-de-hidrocarburo-cdp301\/#primaryimage\"},\"thumbnailUrl\":\"https:\/\/processation.com\/wp-content\/uploads\/2023\/10\/CDP-301.jpg\",\"datePublished\":\"2023-10-09T16:24:12+00:00\",\"dateModified\":\"2023-10-09T16:47:01+00:00\",\"description\":\"Analizador portable de punto de roc\u00edo de hidrocarburos modelo CDP-301 - Michell Instruments Ltd. Tecnolog\u00eda de espejo enfriado. Pantalla LCD Color.\",\"breadcrumb\":{\"@id\":\"https:\/\/processation.com\/es\/producto\/analizador-de-punto-de-rocio-de-hidrocarburo-cdp301\/#breadcrumb\"},\"inLanguage\":\"es\",\"potentialAction\":[{\"@type\":\"ReadAction\",\"target\":[\"https:\/\/processation.com\/es\/producto\/analizador-de-punto-de-rocio-de-hidrocarburo-cdp301\/\"]}]},{\"@type\":\"ImageObject\",\"inLanguage\":\"es\",\"@id\":\"https:\/\/processation.com\/es\/producto\/analizador-de-punto-de-rocio-de-hidrocarburo-cdp301\/#primaryimage\",\"url\":\"https:\/\/processation.com\/wp-content\/uploads\/2023\/10\/CDP-301.jpg\",\"contentUrl\":\"https:\/\/processation.com\/wp-content\/uploads\/2023\/10\/CDP-301.jpg\",\"width\":500,\"height\":500},{\"@type\":\"BreadcrumbList\",\"@id\":\"https:\/\/processation.com\/es\/producto\/analizador-de-punto-de-rocio-de-hidrocarburo-cdp301\/#breadcrumb\",\"itemListElement\":[{\"@type\":\"ListItem\",\"position\":1,\"name\":\"Portada\",\"item\":\"https:\/\/processation.com\/es\/\"},{\"@type\":\"ListItem\",\"position\":2,\"name\":\"Productos\",\"item\":\"https:\/\/processation.com\/productos\/\"},{\"@type\":\"ListItem\",\"position\":3,\"name\":\"Analizador de Punto de Roc\u00edo de Hidrocarburo &#8211; CDP301\"}]},{\"@type\":\"WebSite\",\"@id\":\"https:\/\/processation.com\/es\/#website\",\"url\":\"https:\/\/processation.com\/es\/\",\"name\":\"PROCESSATION.COM\",\"description\":\"Especialistas en Instrumentaci\u00f3n y Automatizaci\u00f3n Industrial.\",\"publisher\":{\"@id\":\"https:\/\/processation.com\/es\/#organization\"},\"potentialAction\":[{\"@type\":\"SearchAction\",\"target\":{\"@type\":\"EntryPoint\",\"urlTemplate\":\"https:\/\/processation.com\/es\/?s={search_term_string}\"},\"query-input\":{\"@type\":\"PropertyValueSpecification\",\"valueRequired\":true,\"valueName\":\"search_term_string\"}}],\"inLanguage\":\"es\"},{\"@type\":\"Organization\",\"@id\":\"https:\/\/processation.com\/es\/#organization\",\"name\":\"PROCESSATION.COM\",\"url\":\"https:\/\/processation.com\/es\/\",\"logo\":{\"@type\":\"ImageObject\",\"inLanguage\":\"es\",\"@id\":\"https:\/\/processation.com\/es\/#\/schema\/logo\/image\/\",\"url\":\"https:\/\/processation.com\/wp-content\/uploads\/2023\/07\/PROCESSATION_LOGO.png\",\"contentUrl\":\"https:\/\/processation.com\/wp-content\/uploads\/2023\/07\/PROCESSATION_LOGO.png\",\"width\":1513,\"height\":360,\"caption\":\"PROCESSATION.COM\"},\"image\":{\"@id\":\"https:\/\/processation.com\/es\/#\/schema\/logo\/image\/\"}}]}<\/script>\n<!-- \/ Yoast SEO plugin. -->","yoast_head_json":{"title":"Analizador de Punto de Roc\u00edo de Hidrocarburo - CDP301 - PROCESSATION.COM","description":"Analizador portable de punto de roc\u00edo de hidrocarburos modelo CDP-301 - Michell Instruments Ltd. Tecnolog\u00eda de espejo enfriado. Pantalla LCD Color.","robots":{"index":"index","follow":"follow","max-snippet":"max-snippet:-1","max-image-preview":"max-image-preview:large","max-video-preview":"max-video-preview:-1"},"canonical":"https:\/\/processation.com\/es\/producto\/analizador-de-punto-de-rocio-de-hidrocarburo-cdp301\/","og_locale":"es_ES","og_type":"article","og_title":"Analizador de Punto de Roc\u00edo de Hidrocarburo - CDP301 - PROCESSATION.COM","og_description":"Analizador portable de punto de roc\u00edo de hidrocarburos modelo CDP-301 - Michell Instruments Ltd. Tecnolog\u00eda de espejo enfriado. Pantalla LCD Color.","og_url":"https:\/\/processation.com\/es\/producto\/analizador-de-punto-de-rocio-de-hidrocarburo-cdp301\/","og_site_name":"PROCESSATION.COM","article_modified_time":"2023-10-09T16:47:01+00:00","og_image":[{"width":500,"height":500,"url":"https:\/\/processation.com\/wp-content\/uploads\/2023\/10\/CDP-301.jpg","type":"image\/jpeg"}],"twitter_card":"summary_large_image","schema":{"@context":"https:\/\/schema.org","@graph":[{"@type":"WebPage","@id":"https:\/\/processation.com\/es\/producto\/analizador-de-punto-de-rocio-de-hidrocarburo-cdp301\/","url":"https:\/\/processation.com\/es\/producto\/analizador-de-punto-de-rocio-de-hidrocarburo-cdp301\/","name":"Analizador de Punto de Roc\u00edo de Hidrocarburo - CDP301 - PROCESSATION.COM","isPartOf":{"@id":"https:\/\/processation.com\/es\/#website"},"primaryImageOfPage":{"@id":"https:\/\/processation.com\/es\/producto\/analizador-de-punto-de-rocio-de-hidrocarburo-cdp301\/#primaryimage"},"image":{"@id":"https:\/\/processation.com\/es\/producto\/analizador-de-punto-de-rocio-de-hidrocarburo-cdp301\/#primaryimage"},"thumbnailUrl":"https:\/\/processation.com\/wp-content\/uploads\/2023\/10\/CDP-301.jpg","datePublished":"2023-10-09T16:24:12+00:00","dateModified":"2023-10-09T16:47:01+00:00","description":"Analizador portable de punto de roc\u00edo de hidrocarburos modelo CDP-301 - Michell Instruments Ltd. Tecnolog\u00eda de espejo enfriado. Pantalla LCD Color.","breadcrumb":{"@id":"https:\/\/processation.com\/es\/producto\/analizador-de-punto-de-rocio-de-hidrocarburo-cdp301\/#breadcrumb"},"inLanguage":"es","potentialAction":[{"@type":"ReadAction","target":["https:\/\/processation.com\/es\/producto\/analizador-de-punto-de-rocio-de-hidrocarburo-cdp301\/"]}]},{"@type":"ImageObject","inLanguage":"es","@id":"https:\/\/processation.com\/es\/producto\/analizador-de-punto-de-rocio-de-hidrocarburo-cdp301\/#primaryimage","url":"https:\/\/processation.com\/wp-content\/uploads\/2023\/10\/CDP-301.jpg","contentUrl":"https:\/\/processation.com\/wp-content\/uploads\/2023\/10\/CDP-301.jpg","width":500,"height":500},{"@type":"BreadcrumbList","@id":"https:\/\/processation.com\/es\/producto\/analizador-de-punto-de-rocio-de-hidrocarburo-cdp301\/#breadcrumb","itemListElement":[{"@type":"ListItem","position":1,"name":"Portada","item":"https:\/\/processation.com\/es\/"},{"@type":"ListItem","position":2,"name":"Productos","item":"https:\/\/processation.com\/productos\/"},{"@type":"ListItem","position":3,"name":"Analizador de Punto de Roc\u00edo de Hidrocarburo &#8211; CDP301"}]},{"@type":"WebSite","@id":"https:\/\/processation.com\/es\/#website","url":"https:\/\/processation.com\/es\/","name":"PROCESSATION.COM","description":"Especialistas en Instrumentaci\u00f3n y Automatizaci\u00f3n Industrial.","publisher":{"@id":"https:\/\/processation.com\/es\/#organization"},"potentialAction":[{"@type":"SearchAction","target":{"@type":"EntryPoint","urlTemplate":"https:\/\/processation.com\/es\/?s={search_term_string}"},"query-input":{"@type":"PropertyValueSpecification","valueRequired":true,"valueName":"search_term_string"}}],"inLanguage":"es"},{"@type":"Organization","@id":"https:\/\/processation.com\/es\/#organization","name":"PROCESSATION.COM","url":"https:\/\/processation.com\/es\/","logo":{"@type":"ImageObject","inLanguage":"es","@id":"https:\/\/processation.com\/es\/#\/schema\/logo\/image\/","url":"https:\/\/processation.com\/wp-content\/uploads\/2023\/07\/PROCESSATION_LOGO.png","contentUrl":"https:\/\/processation.com\/wp-content\/uploads\/2023\/07\/PROCESSATION_LOGO.png","width":1513,"height":360,"caption":"PROCESSATION.COM"},"image":{"@id":"https:\/\/processation.com\/es\/#\/schema\/logo\/image\/"}}]}},"_links":{"self":[{"href":"https:\/\/processation.com\/es\/wp-json\/wp\/v2\/product\/970","targetHints":{"allow":["GET"]}}],"collection":[{"href":"https:\/\/processation.com\/es\/wp-json\/wp\/v2\/product"}],"about":[{"href":"https:\/\/processation.com\/es\/wp-json\/wp\/v2\/types\/product"}],"wp:featuredmedia":[{"embeddable":true,"href":"https:\/\/processation.com\/es\/wp-json\/wp\/v2\/media\/971"}],"wp:attachment":[{"href":"https:\/\/processation.com\/es\/wp-json\/wp\/v2\/media?parent=970"}],"wp:term":[{"taxonomy":"product_brand","embeddable":true,"href":"https:\/\/processation.com\/es\/wp-json\/wp\/v2\/product_brand?post=970"},{"taxonomy":"product_cat","embeddable":true,"href":"https:\/\/processation.com\/es\/wp-json\/wp\/v2\/product_cat?post=970"},{"taxonomy":"product_tag","embeddable":true,"href":"https:\/\/processation.com\/es\/wp-json\/wp\/v2\/product_tag?post=970"}],"curies":[{"name":"wp","href":"https:\/\/api.w.org\/{rel}","templated":true}]}}